{"id":4370,"date":"2022-06-02T18:44:07","date_gmt":"2022-06-02T15:44:07","guid":{"rendered":"https:\/\/vesiensuojelu.fi\/avloppsvattenbehandlingen\/avloppsnat\/"},"modified":"2022-09-12T11:19:07","modified_gmt":"2022-09-12T08:19:07","slug":"avloppsnat","status":"publish","type":"page","link":"https:\/\/vesiensuojelu.fi\/sv\/avloppsvattenguide-2\/avloppsvattenbehandlingen\/avloppsnat\/","title":{"rendered":"Avloppsn\u00e4t"},"content":{"rendered":"<div class=\"wpb-content-wrapper\"><p>[vc_row row_height_percent=&#8221;0&#8243; override_padding=&#8221;yes&#8221; h_padding=&#8221;2&#8243; top_padding=&#8221;2&#8243; bottom_padding=&#8221;2&#8243; back_color=&#8221;color-gyho&#8221; back_image=&#8221;2061&#8243; back_attachment=&#8221;fixed&#8221; overlay_color=&#8221;color-xsdn&#8221; overlay_alpha=&#8221;90&#8243; gutter_size=&#8221;3&#8243; column_width_percent=&#8221;100&#8243; shift_y=&#8221;-3&#8243; z_index=&#8221;2&#8243; top_divider=&#8221;gradient&#8221; uncode_shortcode_id=&#8221;205096&#8243; back_color_type=&#8221;uncode-palette&#8221; overlay_color_type=&#8221;uncode-palette&#8221;][vc_column column_width_percent=&#8221;100&#8243; gutter_size=&#8221;4&#8243; back_color=&#8221;color-xsdn&#8221; overlay_alpha=&#8221;50&#8243; shift_x=&#8221;0&#8243; shift_y=&#8221;0&#8243; shift_y_down=&#8221;0&#8243; z_index=&#8221;0&#8243; medium_width=&#8221;0&#8243; mobile_width=&#8221;0&#8243; sticky=&#8221;yes&#8221; radius=&#8221;std&#8221; shadow=&#8221;sm&#8221; width=&#8221;1\/3&#8243; uncode_shortcode_id=&#8221;207639&#8243; back_color_type=&#8221;uncode-palette&#8221;][vc_column_text uncode_shortcode_id=&#8221;187042&#8243; el_class=&#8221;sidebar-links&#8221;]<\/p>\n<h2>Inneh\u00e5ll<\/h2>\n<p><a href=\"#liittyminen-viemariverkostoon\">Anslutning till avloppsn\u00e4tet<\/a><br \/>\n<a href=\"#omatoiminen-verkoston-rakentaminen-vesihuolto-osuuskuntana\">Ett vattenandelslag kan bygga ett n\u00e4tverk p\u00e5 eget initiativ<\/a>[\/vc_column_text][vc_column_text uncode_shortcode_id=&#8221;102550&#8243; el_class=&#8221;sidebar-links&#8221;]<\/p>\n<h3>Huvudsidor<\/h3>\n<p><a href=\"https:\/\/vesiensuojelu.fi\/sv\/avloppsvattenguide-2\/avloppsvattenguide\/\">Ing\u00e5ngssida<\/a><br \/>\n<a title=\"Avloppsvattnets inverkan p\u00e5 milj\u00f6n\" href=\"https:\/\/vesiensuojelu.fi\/sv\/avloppsvattenguide-2\/avloppsvattenguide\/avloppsvattnets-inverkan-pa-miljon\/\">Avloppsvattnets inverkan p\u00e5 milj\u00f6n<\/a><br \/>\n<a href=\"https:\/\/vesiensuojelu.fi\/sv\/avloppsvattenguide-2\/avloppsvattenguide\/kort-om-lagstiftning\/\">Kort om lagstiftning<\/a><br \/>\n<a href=\"https:\/\/vesiensuojelu.fi\/sv\/avloppsvattenguide-2\/avloppsvattenguide\/varfor-lonar-det-sig-att-behandla-tvatt-och-toalettvatten-skilt\/\">Varf\u00f6r l\u00f6nar det sig att behandla tv\u00e4tt- och toalettvatten skilt?<\/a><br \/>\n<a href=\"https:\/\/vesiensuojelu.fi\/sv\/avloppsvattenguide-2\/avloppsvattenguide\/livscykelkostnader-for-behandling-av-avloppsvatten\/\">Livscykelkostnader f\u00f6r behandling av avloppsvatten<\/a><\/p>\n<h3>Inv\u00e5nares uppgifter<\/h3>\n<p><a href=\"https:\/\/vesiensuojelu.fi\/sv\/avloppsvattenguide-2\/invanares-uppgifter\/\">Inv\u00e5nares uppgifter<\/a><br \/>\n<a href=\"https:\/\/vesiensuojelu.fi\/jatevesiopas\/asukkaan-tehtavat\/selvitys-jarjestelmasta\/\">Selvitys j\u00e4rjestelm\u00e4st\u00e4<\/a><br \/>\n<a href=\"https:\/\/vesiensuojelu.fi\/sv\/avloppsvattenguide-2\/invanares-uppgifter\/underhall-och-service\/\">Underh\u00e5ll och service<\/a><br \/>\n<a href=\"https:\/\/vesiensuojelu.fi\/sv\/avloppsvattenguide-2\/invanares-uppgifter\/fornyande-av-avloppsreningssystem\/\">F\u00f6rnyande av avloppsreningssystem<\/a><br \/>\n<a href=\"https:\/\/vesiensuojelu.fi\/sv\/avloppsvattenguide-2\/invanares-uppgifter\/behandlingsalternativ\/\">Behandlingsalternativ<\/a><\/p>\n<h3>Avloppsvattenbehandlingen<\/h3>\n<p><a href=\"https:\/\/vesiensuojelu.fi\/sv\/avloppsvattenguide-2\/avloppsvattenbehandlingen\/\">Alternativ f\u00f6r avloppsvattenbehandlingen<\/a><br \/>\n<a href=\"https:\/\/vesiensuojelu.fi\/sv\/avloppsvattenguide-2\/avloppsvattenbehandlingen\/avloppsnat\/\">Avloppsn\u00e4t<\/a><br \/>\n<a href=\"https:\/\/vesiensuojelu.fi\/sv\/avloppsvattenguide-2\/avloppsvattenbehandlingen\/fastighetsvisa-losningar\/\">Fastighetsvisa l\u00f6sningar<\/a><br \/>\n<a href=\"https:\/\/vesiensuojelu.fi\/sv\/avloppsvattenguide-2\/avloppsvattenbehandlingen\/separat-behandling-for-toalett-och-tvattvatten\/\">Separat behandling f\u00f6r toalett- och tv\u00e4ttvatten<\/a><br \/>\n<a href=\"https:\/\/vesiensuojelu.fi\/sv\/avloppsvattenguide-2\/avloppsvattenbehandlingen\/behandling-av-allt-avloppsvatten-i-samma-system\/\">Behandling av allt avloppsvatten i samma system<\/a><\/p>\n<h3>Information om guiden<\/h3>\n<p><a href=\"https:\/\/vesiensuojelu.fi\/sv\/avloppsvattenguide-2\/information-om-guiden\/foretagare-kontaktinformation\/\">F\u00f6retagare kontaktinformation<\/a><br \/>\n<a href=\"https:\/\/vesiensuojelu.fi\/sv\/avloppsvattenguide-2\/information-om-guiden\/lankar-och-radgivning\/\">L\u00e4nkar och r\u00e5dgivning<\/a><br \/>\n<a href=\"https:\/\/vesiensuojelu.fi\/sv\/avloppsvattenguide-2\/information-om-guiden\/material\/\">Material<\/a><br \/>\n<a href=\"https:\/\/vesiensuojelu.fi\/jatevesiopas\/tietoa-oppaasta\/jateveden-abc\/\">Avloppsvattnets ABC<\/a>[\/vc_column_text][\/vc_column][vc_column column_width_percent=&#8221;100&#8243; gutter_size=&#8221;4&#8243; back_color=&#8221;color-xsdn&#8221; overlay_alpha=&#8221;50&#8243; shift_x=&#8221;0&#8243; shift_y=&#8221;0&#8243; shift_y_down=&#8221;0&#8243; z_index=&#8221;0&#8243; medium_width=&#8221;0&#8243; mobile_width=&#8221;0&#8243; radius=&#8221;std&#8221; shadow=&#8221;std&#8221; width=&#8221;2\/3&#8243; uncode_shortcode_id=&#8221;729493&#8243; back_color_type=&#8221;uncode-palette&#8221;][vc_row_inner row_inner_height_percent=&#8221;0&#8243; overlay_alpha=&#8221;50&#8243; gutter_size=&#8221;3&#8243; shift_y=&#8221;0&#8243; z_index=&#8221;0&#8243; uncode_shortcode_id=&#8221;103991&#8243; el_id=&#8221;liittyminen-viemariverkostoon&#8221; limit_content=&#8221;&#8221;][vc_column_inner width=&#8221;1\/1&#8243;][vc_custom_heading heading_semantic=&#8221;h3&#8243; text_size=&#8221;h3&#8243; uncode_shortcode_id=&#8221;153599&#8243;]Anslutning till avloppsn\u00e4tet[\/vc_custom_heading][vc_column_text uncode_shortcode_id=&#8221;143062&#8243;]F\u00f6rdelar med att ansluta sig till avloppsn\u00e4tet:<\/p>\n<ul>\n<li>Belastningen leds utanf\u00f6r den egna tomten, till och med bort fr\u00e5n hela byaomr\u00e5det och de n\u00e4rliggande vattendragen<\/li>\n<li>Avloppsvattenreningen sker i en st\u00f6rre enhet, som har ett bra reningsresultat och d\u00e4r det finns professionell underh\u00e5llspersonal.<\/li>\n<li>Ut\u00f6ver avloppsn\u00e4tverk finns det ocks\u00e5 ofta m\u00f6jlighet till rent vatten samt i m\u00e5nga vattenandelslagsprojekt \u00e4ven fiberkabel.<\/li>\n<li>Underh\u00e5llsarbete r\u00f6r ledningen p\u00e5 tomten och den eventuella pumpen, men man beh\u00f6ver inte \u00f6vervaka reningsprocessen.<\/li>\n<\/ul>\n<p>Avloppsn\u00e4tverk finns ofta i st\u00f6rre t\u00e4torter, p\u00e5 detaljplanerade omr\u00e5den samt i vissa byar. Fr\u00e5n den egna kommunen kan man fr\u00e5ga om anslutningsm\u00f6jligheter till avloppsn\u00e4tverket. M\u00e5nga kommuner har \u00e4ven utvecklingsplaner f\u00f6r vattentj\u00e4nsterna, d\u00e4r det framg\u00e5r bl.a. till vilka omr\u00e5den vatten- och avloppsn\u00e4tet kommer att utvidgas och var inv\u00e5narna sj\u00e4lvst\u00e4ndigt, p\u00e5 frivillig grund, kan utvidga n\u00e4tverket till exempel genom ett <a href=\"http:\/\/www.hajavesi.fi\/fi\/kuntatieto\" target=\"_blank\" rel=\"noopener noreferrer\">vattenandelslag<\/a>. Byggandet av ett avloppsn\u00e4tverk blir f\u00f6rm\u00e5nligare \u00e4n fastighetsvisa system, ifall bos\u00e4ttningen eller de anslutna ligger tillr\u00e4ckligt t\u00e4tt i f\u00f6rh\u00e5llande till byggnadskostnaderna, vilka i sin tur beror p\u00e5 egenskaperna i terr\u00e4ngen. En tumregel kan vara att det b\u00f6r finnas minst fem fastigheter p\u00e5 en kilometer eller 20 fastigheter per kvadratkilometer.[\/vc_column_text][\/vc_column_inner][\/vc_row_inner][vc_row_inner row_inner_height_percent=&#8221;0&#8243; overlay_alpha=&#8221;50&#8243; gutter_size=&#8221;3&#8243; shift_y=&#8221;0&#8243; z_index=&#8221;0&#8243; uncode_shortcode_id=&#8221;763179&#8243; el_id=&#8221;omatoiminen-verkoston-rakentaminen-vesihuolto-osuuskuntana&#8221; limit_content=&#8221;&#8221;][vc_column_inner width=&#8221;1\/1&#8243;][vc_custom_heading heading_semantic=&#8221;h3&#8243; text_size=&#8221;h3&#8243; uncode_shortcode_id=&#8221;210390&#8243;]Ett vattenandelslag kan bygga ett n\u00e4tverk p\u00e5 eget initiativ[\/vc_custom_heading][vc_column_text uncode_shortcode_id=&#8221;131967&#8243;]Ett vattenandelslag \u00e4r en organisation grundat f\u00f6r att ordna vattentj\u00e4nster f\u00f6r sina medlemmar. Andelslaget kan vara tillf\u00e4lligt eller best\u00e5ende. Ett tillf\u00e4lligt vattenandelslag \u00e4r vanligen grundat f\u00f6r att p\u00e5skynda byggandet av vattentj\u00e4nster till omr\u00e5det och dess livsl\u00e4ngd kan vara 2-10 \u00e5r, varefter verksamheten forts\u00e4tter som en del av en st\u00f6rre anl\u00e4ggning som \u00e4r verksam p\u00e5 omr\u00e5det. Ett best\u00e5ende vattenandelslag fungerar som ett <a href=\"https:\/\/vesiensuojelu.fi\/sv\/avloppsvattenguide-2\/avloppsvattenguide\/kort-om-lagstiftning\/\">vattentj\u00e4nstverk<\/a> p\u00e5 sitt omr\u00e5de och det kan ocks\u00e5 ha ett eget reningsverk och en egen vattent\u00e4kt. Byggandet av ett reningsverk kan kr\u00e4va milj\u00f6tillst\u00e5nd och anl\u00e4ggandet och underh\u00e5llet av samt produktion av hush\u00e5llsvatten vid en vattent\u00e4kt \u00e4r ocks\u00e5 f\u00f6rknippat med m\u00e5nga skyldigheter. Ifall vattenandelslaget betj\u00e4nar \u00f6ver 50 personer eller ifall avloppsvattenm\u00e4ngden \u00e4r \u00f6ver 10 m3 , eller f\u00f6r dess n\u00e4tverk fastst\u00e4llda verksamhetsomr\u00e5de, r\u00e4knas det som vattentj\u00e4nstverk.<\/p>\n<p>Ifall man funderar p\u00e5 ordnande av gemensamma vattentj\u00e4nster l\u00f6nar det sig att f\u00f6rst kontakta kommunen och vattentj\u00e4nstverket. Kommunen uppskattar projektets teknisk-ekonomiska m\u00f6jligheter att f\u00f6rverkligas och hj\u00e4lper till med att driva projektet fram\u00e5t. Ifall kommunen f\u00f6respr\u00e5kar projektet, l\u00f6nar det sig att ta kontakt \u00e4ven med den regionala NTM-centralen. NTM-centralen beviljar <a href=\"https:\/\/www.ely-keskus.fi\/web\/ely\/rahoitus-ja-avustukset-ymparistovastuualue#.Veb1bPntlBc\">underst\u00f6d f\u00f6r vattentj\u00e4nster.<\/a> Det \u00e4r m\u00f6jligt att f\u00e5 10 \u2013 30 % i bidrag f\u00f6r planerings- och byggkostnader. F\u00f6r att ans\u00f6ka om bidrag beh\u00f6vs en s\u00f6kande (andelslaget b\u00f6r allts\u00e5 vara bildat) och en \u00f6versiktsplan f\u00f6r byggande av avloppet. Det l\u00f6nar sig att fr\u00e5ga om hj\u00e4lp av kommunen f\u00f6r att g\u00f6ra \u00f6versiktplan och \u00e4ven f\u00f6r att fr\u00e5ga om eventuellt andra bidrag. Fr\u00e5n kommunen och fr\u00e5n NTM-centralen f\u00e5r man oftast ocks\u00e5 hj\u00e4lp fr\u00e5n sakkunniga.[\/vc_column_text][\/vc_column_inner][\/vc_row_inner][\/vc_column][\/vc_row]<\/p>\n<\/div>","protected":false},"excerpt":{"rendered":"<p>P\u00e5 glesbygden behandlas avloppsvattnet vanligtvis p\u00e5 fastigheten, men om det finns ett n\u00e4rliggande avloppsn\u00e4t l\u00f6nar det sig att ta reda p\u00e5 m\u00f6jligheten att ansluta sig till det!<\/p>\n","protected":false},"author":4,"featured_media":0,"parent":4315,"menu_order":0,"comment_status":"closed","ping_status":"closed","template":"","meta":{"footnotes":""},"class_list":["post-4370","page","type-page","status-publish","hentry"],"yoast_head":"<!-- This site is optimized with the Yoast SEO plugin v26.9 - https:\/\/yoast.com\/product\/yoast-seo-wordpress\/ -->\n<title>Avloppsn\u00e4t - Vesiensuojeluyhdistysten Liitto ry<\/title>\n<meta name=\"robots\" content=\"index, follow, max-snippet:-1, max-image-preview:large, max-video-preview:-1\" \/>\n<link rel=\"canonical\" href=\"https:\/\/vesiensuojelu.fi\/sv\/avloppsvattenguide-2\/avloppsvattenbehandlingen\/avloppsnat\/\" \/>\n<meta property=\"og:locale\" content=\"sv_SE\" \/>\n<meta property=\"og:type\" content=\"article\" \/>\n<meta property=\"og:title\" content=\"Avloppsn\u00e4t - Vesiensuojeluyhdistysten Liitto ry\" \/>\n<meta property=\"og:description\" content=\"P\u00e5 glesbygden behandlas avloppsvattnet vanligtvis p\u00e5 fastigheten, men om det finns ett n\u00e4rliggande avloppsn\u00e4t l\u00f6nar det sig att ta reda p\u00e5 m\u00f6jligheten att ansluta sig till det!\" \/>\n<meta property=\"og:url\" content=\"https:\/\/vesiensuojelu.fi\/sv\/avloppsvattenguide-2\/avloppsvattenbehandlingen\/avloppsnat\/\" \/>\n<meta property=\"og:site_name\" content=\"Vesiensuojeluyhdistysten Liitto ry\" \/>\n<meta property=\"article:publisher\" content=\"https:\/\/www.facebook.com\/vesiensuojelu\/\" \/>\n<meta property=\"article:modified_time\" content=\"2022-09-12T08:19:07+00:00\" \/>\n<meta name=\"twitter:card\" content=\"summary_large_image\" \/>\n<meta name=\"twitter:label1\" content=\"Ber\u00e4knad l\u00e4stid\" \/>\n\t<meta name=\"twitter:data1\" content=\"5 minuter\" \/>\n<script type=\"application\/ld+json\" class=\"yoast-schema-graph\">{\"@context\":\"https:\/\/schema.org\",\"@graph\":[{\"@type\":\"WebPage\",\"@id\":\"https:\/\/vesiensuojelu.fi\/sv\/avloppsvattenguide-2\/avloppsvattenbehandlingen\/avloppsnat\/\",\"url\":\"https:\/\/vesiensuojelu.fi\/sv\/avloppsvattenguide-2\/avloppsvattenbehandlingen\/avloppsnat\/\",\"name\":\"Avloppsn\u00e4t - Vesiensuojeluyhdistysten Liitto ry\",\"isPartOf\":{\"@id\":\"https:\/\/vesiensuojelu.fi\/sv\/#website\"},\"datePublished\":\"2022-06-02T15:44:07+00:00\",\"dateModified\":\"2022-09-12T08:19:07+00:00\",\"breadcrumb\":{\"@id\":\"https:\/\/vesiensuojelu.fi\/sv\/avloppsvattenguide-2\/avloppsvattenbehandlingen\/avloppsnat\/#breadcrumb\"},\"inLanguage\":\"sv-SE\",\"potentialAction\":[{\"@type\":\"ReadAction\",\"target\":[\"https:\/\/vesiensuojelu.fi\/sv\/avloppsvattenguide-2\/avloppsvattenbehandlingen\/avloppsnat\/\"]}]},{\"@type\":\"BreadcrumbList\",\"@id\":\"https:\/\/vesiensuojelu.fi\/sv\/avloppsvattenguide-2\/avloppsvattenbehandlingen\/avloppsnat\/#breadcrumb\",\"itemListElement\":[{\"@type\":\"ListItem\",\"position\":1,\"name\":\"Avloppsvattenguide\",\"item\":\"https:\/\/vesiensuojelu.fi\/sv\/avloppsvattenguide-2\/\"},{\"@type\":\"ListItem\",\"position\":2,\"name\":\"Avloppsvattenbehandlingen\",\"item\":\"https:\/\/vesiensuojelu.fi\/sv\/avloppsvattenguide-2\/avloppsvattenbehandlingen\/\"},{\"@type\":\"ListItem\",\"position\":3,\"name\":\"Avloppsn\u00e4t\"}]},{\"@type\":\"WebSite\",\"@id\":\"https:\/\/vesiensuojelu.fi\/sv\/#website\",\"url\":\"https:\/\/vesiensuojelu.fi\/sv\/\",\"name\":\"Vesiensuojeluyhdistysten Liitto ry\",\"description\":\"Tavoitteena puhtaat vedet\",\"publisher\":{\"@id\":\"https:\/\/vesiensuojelu.fi\/sv\/#organization\"},\"potentialAction\":[{\"@type\":\"SearchAction\",\"target\":{\"@type\":\"EntryPoint\",\"urlTemplate\":\"https:\/\/vesiensuojelu.fi\/sv\/?s={search_term_string}\"},\"query-input\":{\"@type\":\"PropertyValueSpecification\",\"valueRequired\":true,\"valueName\":\"search_term_string\"}}],\"inLanguage\":\"sv-SE\"},{\"@type\":\"Organization\",\"@id\":\"https:\/\/vesiensuojelu.fi\/sv\/#organization\",\"name\":\"Vesiensuojeluyhdistysten Liitto ry\",\"url\":\"https:\/\/vesiensuojelu.fi\/sv\/\",\"logo\":{\"@type\":\"ImageObject\",\"inLanguage\":\"sv-SE\",\"@id\":\"https:\/\/vesiensuojelu.fi\/sv\/#\/schema\/logo\/image\/\",\"url\":\"https:\/\/www.vesiensuojelu.fi\/wp-content\/uploads\/2021\/08\/Liiton-logo.png\",\"contentUrl\":\"https:\/\/www.vesiensuojelu.fi\/wp-content\/uploads\/2021\/08\/Liiton-logo.png\",\"width\":594,\"height\":117,\"caption\":\"Vesiensuojeluyhdistysten Liitto ry\"},\"image\":{\"@id\":\"https:\/\/vesiensuojelu.fi\/sv\/#\/schema\/logo\/image\/\"},\"sameAs\":[\"https:\/\/www.facebook.com\/vesiensuojelu\/\"]}]}<\/script>\n<!-- \/ Yoast SEO plugin. -->","yoast_head_json":{"title":"Avloppsn\u00e4t - Vesiensuojeluyhdistysten Liitto ry","robots":{"index":"index","follow":"follow","max-snippet":"max-snippet:-1","max-image-preview":"max-image-preview:large","max-video-preview":"max-video-preview:-1"},"canonical":"https:\/\/vesiensuojelu.fi\/sv\/avloppsvattenguide-2\/avloppsvattenbehandlingen\/avloppsnat\/","og_locale":"sv_SE","og_type":"article","og_title":"Avloppsn\u00e4t - Vesiensuojeluyhdistysten Liitto ry","og_description":"P\u00e5 glesbygden behandlas avloppsvattnet vanligtvis p\u00e5 fastigheten, men om det finns ett n\u00e4rliggande avloppsn\u00e4t l\u00f6nar det sig att ta reda p\u00e5 m\u00f6jligheten att ansluta sig till det!","og_url":"https:\/\/vesiensuojelu.fi\/sv\/avloppsvattenguide-2\/avloppsvattenbehandlingen\/avloppsnat\/","og_site_name":"Vesiensuojeluyhdistysten Liitto ry","article_publisher":"https:\/\/www.facebook.com\/vesiensuojelu\/","article_modified_time":"2022-09-12T08:19:07+00:00","twitter_card":"summary_large_image","twitter_misc":{"Ber\u00e4knad l\u00e4stid":"5 minuter"},"schema":{"@context":"https:\/\/schema.org","@graph":[{"@type":"WebPage","@id":"https:\/\/vesiensuojelu.fi\/sv\/avloppsvattenguide-2\/avloppsvattenbehandlingen\/avloppsnat\/","url":"https:\/\/vesiensuojelu.fi\/sv\/avloppsvattenguide-2\/avloppsvattenbehandlingen\/avloppsnat\/","name":"Avloppsn\u00e4t - Vesiensuojeluyhdistysten Liitto ry","isPartOf":{"@id":"https:\/\/vesiensuojelu.fi\/sv\/#website"},"datePublished":"2022-06-02T15:44:07+00:00","dateModified":"2022-09-12T08:19:07+00:00","breadcrumb":{"@id":"https:\/\/vesiensuojelu.fi\/sv\/avloppsvattenguide-2\/avloppsvattenbehandlingen\/avloppsnat\/#breadcrumb"},"inLanguage":"sv-SE","potentialAction":[{"@type":"ReadAction","target":["https:\/\/vesiensuojelu.fi\/sv\/avloppsvattenguide-2\/avloppsvattenbehandlingen\/avloppsnat\/"]}]},{"@type":"BreadcrumbList","@id":"https:\/\/vesiensuojelu.fi\/sv\/avloppsvattenguide-2\/avloppsvattenbehandlingen\/avloppsnat\/#breadcrumb","itemListElement":[{"@type":"ListItem","position":1,"name":"Avloppsvattenguide","item":"https:\/\/vesiensuojelu.fi\/sv\/avloppsvattenguide-2\/"},{"@type":"ListItem","position":2,"name":"Avloppsvattenbehandlingen","item":"https:\/\/vesiensuojelu.fi\/sv\/avloppsvattenguide-2\/avloppsvattenbehandlingen\/"},{"@type":"ListItem","position":3,"name":"Avloppsn\u00e4t"}]},{"@type":"WebSite","@id":"https:\/\/vesiensuojelu.fi\/sv\/#website","url":"https:\/\/vesiensuojelu.fi\/sv\/","name":"Vesiensuojeluyhdistysten Liitto ry","description":"Tavoitteena puhtaat vedet","publisher":{"@id":"https:\/\/vesiensuojelu.fi\/sv\/#organization"},"potentialAction":[{"@type":"SearchAction","target":{"@type":"EntryPoint","urlTemplate":"https:\/\/vesiensuojelu.fi\/sv\/?s={search_term_string}"},"query-input":{"@type":"PropertyValueSpecification","valueRequired":true,"valueName":"search_term_string"}}],"inLanguage":"sv-SE"},{"@type":"Organization","@id":"https:\/\/vesiensuojelu.fi\/sv\/#organization","name":"Vesiensuojeluyhdistysten Liitto ry","url":"https:\/\/vesiensuojelu.fi\/sv\/","logo":{"@type":"ImageObject","inLanguage":"sv-SE","@id":"https:\/\/vesiensuojelu.fi\/sv\/#\/schema\/logo\/image\/","url":"https:\/\/www.vesiensuojelu.fi\/wp-content\/uploads\/2021\/08\/Liiton-logo.png","contentUrl":"https:\/\/www.vesiensuojelu.fi\/wp-content\/uploads\/2021\/08\/Liiton-logo.png","width":594,"height":117,"caption":"Vesiensuojeluyhdistysten Liitto ry"},"image":{"@id":"https:\/\/vesiensuojelu.fi\/sv\/#\/schema\/logo\/image\/"},"sameAs":["https:\/\/www.facebook.com\/vesiensuojelu\/"]}]}},"_links":{"self":[{"href":"https:\/\/vesiensuojelu.fi\/sv\/wp-json\/wp\/v2\/pages\/4370","targetHints":{"allow":["GET"]}}],"collection":[{"href":"https:\/\/vesiensuojelu.fi\/sv\/wp-json\/wp\/v2\/pages"}],"about":[{"href":"https:\/\/vesiensuojelu.fi\/sv\/wp-json\/wp\/v2\/types\/page"}],"author":[{"embeddable":true,"href":"https:\/\/vesiensuojelu.fi\/sv\/wp-json\/wp\/v2\/users\/4"}],"replies":[{"embeddable":true,"href":"https:\/\/vesiensuojelu.fi\/sv\/wp-json\/wp\/v2\/comments?post=4370"}],"version-history":[{"count":3,"href":"https:\/\/vesiensuojelu.fi\/sv\/wp-json\/wp\/v2\/pages\/4370\/revisions"}],"predecessor-version":[{"id":4550,"href":"https:\/\/vesiensuojelu.fi\/sv\/wp-json\/wp\/v2\/pages\/4370\/revisions\/4550"}],"up":[{"embeddable":true,"href":"https:\/\/vesiensuojelu.fi\/sv\/wp-json\/wp\/v2\/pages\/4315"}],"wp:attachment":[{"href":"https:\/\/vesiensuojelu.fi\/sv\/wp-json\/wp\/v2\/media?parent=4370"}],"curies":[{"name":"wp","href":"https:\/\/api.w.org\/{rel}","templated":true}]}}