{"id":4364,"date":"2022-06-02T18:43:02","date_gmt":"2022-06-02T15:43:02","guid":{"rendered":"https:\/\/vesiensuojelu.fi\/avloppsvattenguide\/livscykelkostnader-for-behandling-av-avloppsvatten\/"},"modified":"2022-09-12T11:19:07","modified_gmt":"2022-09-12T08:19:07","slug":"livscykelkostnader-for-behandling-av-avloppsvatten","status":"publish","type":"page","link":"https:\/\/vesiensuojelu.fi\/sv\/avloppsvattenguide-2\/avloppsvattenguide\/livscykelkostnader-for-behandling-av-avloppsvatten\/","title":{"rendered":"Livscykelkostnader f\u00f6r behandling av avloppsvatten"},"content":{"rendered":"<div class=\"wpb-content-wrapper\"><p>[vc_row row_height_percent=&#8221;0&#8243; override_padding=&#8221;yes&#8221; h_padding=&#8221;2&#8243; top_padding=&#8221;2&#8243; bottom_padding=&#8221;2&#8243; back_color=&#8221;color-gyho&#8221; back_image=&#8221;2061&#8243; back_attachment=&#8221;fixed&#8221; overlay_color=&#8221;color-xsdn&#8221; overlay_alpha=&#8221;90&#8243; gutter_size=&#8221;3&#8243; column_width_percent=&#8221;100&#8243; shift_y=&#8221;-3&#8243; z_index=&#8221;2&#8243; top_divider=&#8221;gradient&#8221; uncode_shortcode_id=&#8221;205096&#8243; back_color_type=&#8221;uncode-palette&#8221; overlay_color_type=&#8221;uncode-palette&#8221;][vc_column column_width_percent=&#8221;100&#8243; gutter_size=&#8221;4&#8243; back_color=&#8221;color-xsdn&#8221; overlay_alpha=&#8221;50&#8243; shift_x=&#8221;0&#8243; shift_y=&#8221;0&#8243; shift_y_down=&#8221;0&#8243; z_index=&#8221;0&#8243; medium_width=&#8221;0&#8243; mobile_width=&#8221;0&#8243; sticky=&#8221;yes&#8221; radius=&#8221;std&#8221; shadow=&#8221;sm&#8221; width=&#8221;1\/3&#8243; uncode_shortcode_id=&#8221;207639&#8243; back_color_type=&#8221;uncode-palette&#8221;][vc_column_text uncode_shortcode_id=&#8221;102550&#8243; el_class=&#8221;sidebar-links&#8221;]<\/p>\n<h3>Huvudsidor<\/h3>\n<p><a href=\"https:\/\/vesiensuojelu.fi\/sv\/avloppsvattenguide-2\/avloppsvattenguide\/\">Ing\u00e5ngssida<\/a><br \/>\n<a title=\"Avloppsvattnets inverkan p\u00e5 milj\u00f6n\" href=\"https:\/\/vesiensuojelu.fi\/sv\/avloppsvattenguide-2\/avloppsvattenguide\/avloppsvattnets-inverkan-pa-miljon\/\">Avloppsvattnets inverkan p\u00e5 milj\u00f6n<\/a><br \/>\n<a href=\"https:\/\/vesiensuojelu.fi\/sv\/avloppsvattenguide-2\/avloppsvattenguide\/kort-om-lagstiftning\/\">Kort om lagstiftning<\/a><br \/>\n<a href=\"https:\/\/vesiensuojelu.fi\/sv\/avloppsvattenguide-2\/avloppsvattenguide\/varfor-lonar-det-sig-att-behandla-tvatt-och-toalettvatten-skilt\/\">Varf\u00f6r l\u00f6nar det sig att behandla tv\u00e4tt- och toalettvatten skilt?<\/a><br \/>\n<a href=\"https:\/\/vesiensuojelu.fi\/sv\/avloppsvattenguide-2\/avloppsvattenguide\/livscykelkostnader-for-behandling-av-avloppsvatten\/\">Livscykelkostnader f\u00f6r behandling av avloppsvatten<\/a><\/p>\n<h3>Inv\u00e5nares uppgifter<\/h3>\n<p><a href=\"https:\/\/vesiensuojelu.fi\/sv\/avloppsvattenguide-2\/invanares-uppgifter\/\">Inv\u00e5nares uppgifter<\/a><br \/>\n<a href=\"https:\/\/vesiensuojelu.fi\/jatevesiopas\/asukkaan-tehtavat\/selvitys-jarjestelmasta\/\">Selvitys j\u00e4rjestelm\u00e4st\u00e4<\/a><br \/>\n<a href=\"https:\/\/vesiensuojelu.fi\/sv\/avloppsvattenguide-2\/invanares-uppgifter\/underhall-och-service\/\">Underh\u00e5ll och service<\/a><br \/>\n<a href=\"https:\/\/vesiensuojelu.fi\/sv\/avloppsvattenguide-2\/invanares-uppgifter\/fornyande-av-avloppsreningssystem\/\">F\u00f6rnyande av avloppsreningssystem<\/a><br \/>\n<a href=\"https:\/\/vesiensuojelu.fi\/sv\/avloppsvattenguide-2\/invanares-uppgifter\/behandlingsalternativ\/\">Behandlingsalternativ<\/a><\/p>\n<h3>Avloppsvattenbehandlingen<\/h3>\n<p><a href=\"https:\/\/vesiensuojelu.fi\/sv\/avloppsvattenguide-2\/avloppsvattenbehandlingen\/\">Alternativ f\u00f6r avloppsvattenbehandlingen<\/a><br \/>\n<a href=\"https:\/\/vesiensuojelu.fi\/sv\/avloppsvattenguide-2\/avloppsvattenbehandlingen\/avloppsnat\/\">Avloppsn\u00e4t<\/a><br \/>\n<a href=\"https:\/\/vesiensuojelu.fi\/sv\/avloppsvattenguide-2\/avloppsvattenbehandlingen\/fastighetsvisa-losningar\/\">Fastighetsvisa l\u00f6sningar<\/a><br \/>\n<a href=\"https:\/\/vesiensuojelu.fi\/sv\/avloppsvattenguide-2\/avloppsvattenbehandlingen\/separat-behandling-for-toalett-och-tvattvatten\/\">Separat behandling f\u00f6r toalett- och tv\u00e4ttvatten<\/a><br \/>\n<a href=\"https:\/\/vesiensuojelu.fi\/sv\/avloppsvattenguide-2\/avloppsvattenbehandlingen\/behandling-av-allt-avloppsvatten-i-samma-system\/\">Behandling av allt avloppsvatten i samma system<\/a><\/p>\n<h3>Information om guiden<\/h3>\n<p><a href=\"https:\/\/vesiensuojelu.fi\/sv\/avloppsvattenguide-2\/information-om-guiden\/foretagare-kontaktinformation\/\">F\u00f6retagare kontaktinformation<\/a><br \/>\n<a href=\"https:\/\/vesiensuojelu.fi\/sv\/avloppsvattenguide-2\/information-om-guiden\/lankar-och-radgivning\/\">L\u00e4nkar och r\u00e5dgivning<\/a><br \/>\n<a href=\"https:\/\/vesiensuojelu.fi\/sv\/avloppsvattenguide-2\/information-om-guiden\/material\/\">Material<\/a><br \/>\n<a href=\"https:\/\/vesiensuojelu.fi\/jatevesiopas\/tietoa-oppaasta\/jateveden-abc\/\">Avloppsvattnets ABC<\/a>[\/vc_column_text][\/vc_column][vc_column column_width_percent=&#8221;100&#8243; gutter_size=&#8221;4&#8243; back_color=&#8221;color-xsdn&#8221; overlay_alpha=&#8221;50&#8243; shift_x=&#8221;0&#8243; shift_y=&#8221;0&#8243; shift_y_down=&#8221;0&#8243; z_index=&#8221;0&#8243; medium_width=&#8221;0&#8243; mobile_width=&#8221;0&#8243; radius=&#8221;std&#8221; shadow=&#8221;std&#8221; width=&#8221;2\/3&#8243; uncode_shortcode_id=&#8221;729493&#8243; back_color_type=&#8221;uncode-palette&#8221;][vc_row_inner row_inner_height_percent=&#8221;0&#8243; overlay_alpha=&#8221;50&#8243; gutter_size=&#8221;3&#8243; shift_y=&#8221;0&#8243; z_index=&#8221;0&#8243; uncode_shortcode_id=&#8221;129071&#8243; el_id=&#8221;lausunnot-ja-kannanotot&#8221; limit_content=&#8221;&#8221;][vc_column_inner width=&#8221;1\/1&#8243;][vc_custom_heading heading_semantic=&#8221;h3&#8243; text_size=&#8221;h3&#8243; uncode_shortcode_id=&#8221;924347&#8243;]Livscykelkostnader f\u00f6r behandling av avloppsvatten[\/vc_custom_heading][vc_column_text uncode_shortcode_id=&#8221;192639&#8243;]Kostnaderna f\u00f6r avloppsvattensystemet best\u00e5r av planering, material, byggande samt av anv\u00e4ndning och sk\u00f6tsel. Kostnaderna b\u00f6r alltid ber\u00e4knas f\u00f6r systemets hela livscykel och inte enbart p\u00e5 basen av eng\u00e5ngsinvesteringen. Kostnaderna f\u00f6r olika anl\u00e4ggningstyper uppkommer av olika faktorer. Exempelvis \u00e4r ink\u00f6pspriset f\u00f6r en sluten tank bland det billigaste alternativet, men de \u00e5rliga driftskostnaderna kan vara upp till tio g\u00e5nger st\u00f6rre j\u00e4mf\u00f6rt med andra system. Kostnader f\u00f6r att anl\u00e4gga en markbehandling eller ett minireningsverk \u00e4r ofta i samma prisklass, skillnaderna kommer sedan av de \u00e5rliga driftskostnaderna. N\u00e4ra grannar kan dela p\u00e5 ink\u00f6ps- och driftskostnader genom att anv\u00e4nda ett gemensamt system. Priset f\u00f6r en bra planerare betalar tillbaka sig genom en planering av ett fungerande och l\u00e5nglivat system!<\/p>\n<p>I tabellen nedan finns exempel p\u00e5 kostnader f\u00f6r ink\u00f6p och anv\u00e4ndning av olika system. Kostnaderna \u00e4r ungef\u00e4rliga och de verkliga kostnaderna kan variera med flera tusen euro \u00e5t b\u00e5da h\u00e5llen beroende p\u00e5 byggnadsf\u00f6rh\u00e5llandena p\u00e5 platsen och lokala prisvariationer. Kostnaderna \u00e4r ber\u00e4knade f\u00f6r fem personer\/fastighet och en vattenf\u00f6rbrukning p\u00e5 150 liter\/pers\/dygn.[\/vc_column_text][vc_column_text uncode_shortcode_id=&#8221;924383&#8243;]<\/p>\n<table id=\"jarjestelmat\">\n<thead>\n<tr>\n<th>Typ av system<\/th>\n<th>System<\/th>\n<th>Investering \u20ac\/fastighet<\/th>\n<th>Anv\u00e4ndning och sk\u00f6tsel \u20ac\/\u00e5r<\/th>\n<\/tr>\n<\/thead>\n<tbody>\n<tr>\n<td>Komposterande toalett med stor beh\u00e5llare<\/td>\n<td>Torrtoalett med stor beh\u00e5llare<\/td>\n<td>500-3500<\/td>\n<td>20<\/td>\n<\/tr>\n<tr>\n<td rowspan=\"4\">Behandling av disk- och tv\u00e4ttvatten<\/td>\n<td>Behandling av sm\u00e5 m\u00e4ngder tv\u00e4ttvatten<\/td>\n<td>200-1500<\/td>\n<td>0<\/td>\n<\/tr>\n<tr>\n<td>Markb\u00e4dd f\u00f6r tv\u00e4ttvatten<\/td>\n<td>3500-4500<\/td>\n<td>35<\/td>\n<\/tr>\n<tr>\n<td>Infiltrering f\u00f6r tv\u00e4ttvatten<\/td>\n<td>3000-3500<\/td>\n<td>35<\/td>\n<\/tr>\n<tr>\n<td>Gr\u00e5vattenfilter f\u00f6r tv\u00e4ttvatten<\/td>\n<td>1500-3500<\/td>\n<td>50-150<\/td>\n<\/tr>\n<tr>\n<td>Sluten tank f\u00f6r toalettvattnet och behandling av disk- och tv\u00e4ttvatten<\/td>\n<td>Sluten tank 5 m<sup>3<\/sup> f\u00f6r toalettvattnet och markbehandling<\/td>\n<td>5000-7000<\/td>\n<td>1100<\/td>\n<\/tr>\n<tr>\n<td rowspan=\"2\">En gemensam behandling av allt avloppsvatten p\u00e5 enskild fastighet<\/td>\n<td>Markb\u00e4dd f\u00f6rsedd med fosforborttagning<\/td>\n<td>5000-6500<\/td>\n<td>300<\/td>\n<\/tr>\n<tr>\n<td>Minireningsverk<\/td>\n<td>5500-8500<\/td>\n<td>750<\/td>\n<\/tr>\n<tr>\n<td>En tillf\u00e4llig lagring av allt avloppsvatten p\u00e5 fastigheten<\/td>\n<td>Sluten tank 10 m<sup>3<\/sup><\/td>\n<td>2500-3500<\/td>\n<td>2100<\/td>\n<\/tr>\n<tr>\n<td>Gemensam behandling av disk- och tv\u00e4ttvatten f\u00f6r flera fastigheter<\/td>\n<td>En gemensam markb\u00e4dd f\u00f6r tv\u00e5 fastigheter, b\u00e5da fastigheterna en egen sluten tank p\u00e5 5 m<sup>3<\/sup> f\u00f6r toalettvattnet<\/td>\n<td>4500-5500<\/td>\n<td>1050<\/td>\n<\/tr>\n<tr>\n<td rowspan=\"3\">Gemensam behandling av allt avloppsvatten f\u00f6r flera fastigheter<\/td>\n<td>Gemensam markb\u00e4dd med effektiverad fosforborttagning f\u00f6r tre fastigheter<\/td>\n<td>2700-4700<\/td>\n<td>200<\/td>\n<\/tr>\n<tr>\n<td>Minireningsverk f\u00f6r tv\u00e5 fastigheter<\/td>\n<td>4500-8000<\/td>\n<td>300<\/td>\n<\/tr>\n<tr>\n<td>Minireningsverk f\u00f6r fem fastigheter<\/td>\n<td>4600-6600<\/td>\n<td>250<\/td>\n<\/tr>\n<\/tbody>\n<\/table>\n<p>[\/vc_column_text][vc_column_text uncode_shortcode_id=&#8221;255458&#8243;]<a href=\"http:\/\/www.vesi-ilma.fi\/images\/pdf\/julkaisut\/Selvitysjatevesijarjest.pdf\" target=\"_blank\" rel=\"noopener noreferrer\">En utredning \u00f6ver kostnader f\u00f6r inf\u00f6rskaffande av avloppsreningssystem och dess sk\u00f6tsel.<\/a><\/p>\n<p><b>Bidrag<\/b><\/p>\n<p>F\u00f6r avloppsreningssystemets kostnader st\u00e5r i huvudsak fastighets\u00e4garen sj\u00e4lv. F\u00f6r byggande av avloppsreningssystem kan man dock i vissa fall ans\u00f6ka om bidrag.<\/p>\n<p><a href=\"https:\/\/www.vero.fi\/fi-FI\/Henkiloasiakkaat\/Kotitalousvahennys\" target=\"_blank\" rel=\"noopener noreferrer\">Hush\u00e5llsavdrag<\/a> beviljas f\u00f6r arbetsinsatsen vid byggande och installering av ett avloppsreningssystem. Detta ber\u00f6r ocks\u00e5 exempelvis fastighetsvisa kostnader orsakade av byggande och installering f\u00f6r anslutning till vattenandelslag. Hush\u00e5llsavdragets maximisumma \u00e4r 2400 \u20ac\/person i \u00e5ret.<\/p>\n<p>M\u00e5nga kommuner beviljar \u00e4ven bidrag f\u00f6r planering eller byggande f\u00f6r speciellt gemensamma vattentj\u00e4nstprojekt. I vissa kommuner kan man \u00e4ven st\u00f6da f\u00f6rverkligande av avloppsreningsl\u00f6sningar som \u00e4r gynnsamma f\u00f6r milj\u00f6n. Det l\u00f6nar sig att fr\u00e5ga om dessa fr\u00e5n din hemkommun. \u00c5ldringar och handikappade kan \u00e4ven ans\u00f6ka om renoveringsbidrag fr\u00e5n Finansierings- och utvecklingscentralen f\u00f6r boende (ARA). Noggrannare information om renoveringsbidrag finns hos <a href=\"http:\/\/www.ara.fi\/fi-FI\/Lainat_ja_avustukset\/Korjausavustukset\" target=\"_blank\" rel=\"noopener noreferrer\">ARA<\/a>.[\/vc_column_text][\/vc_column_inner][\/vc_row_inner][\/vc_column][\/vc_row]<\/p>\n<\/div>","protected":false},"excerpt":{"rendered":"<p>[vc_row row_height_percent=&#8221;0&#8243; override_padding=&#8221;yes&#8221; h_padding=&#8221;2&#8243; top_padding=&#8221;2&#8243; bottom_padding=&#8221;2&#8243; back_color=&#8221;color-gyho&#8221; back_image=&#8221;2061&#8243; back_attachment=&#8221;fixed&#8221; overlay_color=&#8221;color-xsdn&#8221; overlay_alpha=&#8221;90&#8243; gutter_size=&#8221;3&#8243; column_width_percent=&#8221;100&#8243; shift_y=&#8221;-3&#8243; z_index=&#8221;2&#8243; top_divider=&#8221;gradient&#8221; uncode_shortcode_id=&#8221;205096&#8243; back_color_type=&#8221;uncode-palette&#8221; overlay_color_type=&#8221;uncode-palette&#8221;][vc_column column_width_percent=&#8221;100&#8243; [&hellip;]<\/p>\n","protected":false},"author":4,"featured_media":0,"parent":4297,"menu_order":0,"comment_status":"closed","ping_status":"closed","template":"","meta":{"footnotes":""},"class_list":["post-4364","page","type-page","status-publish","hentry"],"yoast_head":"<!-- This site is optimized with the Yoast SEO plugin v26.9 - https:\/\/yoast.com\/product\/yoast-seo-wordpress\/ -->\n<title>Livscykelkostnader f\u00f6r behandling av avloppsvatten - Vesiensuojeluyhdistysten Liitto ry<\/title>\n<meta name=\"robots\" content=\"index, follow, max-snippet:-1, max-image-preview:large, max-video-preview:-1\" \/>\n<link rel=\"canonical\" href=\"https:\/\/vesiensuojelu.fi\/sv\/avloppsvattenguide-2\/avloppsvattenguide\/livscykelkostnader-for-behandling-av-avloppsvatten\/\" \/>\n<meta property=\"og:locale\" content=\"sv_SE\" \/>\n<meta property=\"og:type\" content=\"article\" \/>\n<meta property=\"og:title\" content=\"Livscykelkostnader f\u00f6r behandling av avloppsvatten - Vesiensuojeluyhdistysten Liitto ry\" \/>\n<meta property=\"og:description\" content=\"[vc_row row_height_percent=&#8221;0&#8243; override_padding=&#8221;yes&#8221; h_padding=&#8221;2&#8243; top_padding=&#8221;2&#8243; bottom_padding=&#8221;2&#8243; back_color=&#8221;color-gyho&#8221; back_image=&#8221;2061&#8243; back_attachment=&#8221;fixed&#8221; overlay_color=&#8221;color-xsdn&#8221; overlay_alpha=&#8221;90&#8243; gutter_size=&#8221;3&#8243; column_width_percent=&#8221;100&#8243; shift_y=&#8221;-3&#8243; z_index=&#8221;2&#8243; top_divider=&#8221;gradient&#8221; uncode_shortcode_id=&#8221;205096&#8243; back_color_type=&#8221;uncode-palette&#8221; overlay_color_type=&#8221;uncode-palette&#8221;][vc_column column_width_percent=&#8221;100&#8243; [&hellip;]\" \/>\n<meta property=\"og:url\" content=\"https:\/\/vesiensuojelu.fi\/sv\/avloppsvattenguide-2\/avloppsvattenguide\/livscykelkostnader-for-behandling-av-avloppsvatten\/\" \/>\n<meta property=\"og:site_name\" content=\"Vesiensuojeluyhdistysten Liitto ry\" \/>\n<meta property=\"article:publisher\" content=\"https:\/\/www.facebook.com\/vesiensuojelu\/\" \/>\n<meta property=\"article:modified_time\" content=\"2022-09-12T08:19:07+00:00\" \/>\n<meta name=\"twitter:card\" content=\"summary_large_image\" \/>\n<meta name=\"twitter:label1\" content=\"Ber\u00e4knad l\u00e4stid\" \/>\n\t<meta name=\"twitter:data1\" content=\"4 minuter\" \/>\n<script type=\"application\/ld+json\" class=\"yoast-schema-graph\">{\"@context\":\"https:\/\/schema.org\",\"@graph\":[{\"@type\":\"WebPage\",\"@id\":\"https:\/\/vesiensuojelu.fi\/sv\/avloppsvattenguide-2\/avloppsvattenguide\/livscykelkostnader-for-behandling-av-avloppsvatten\/\",\"url\":\"https:\/\/vesiensuojelu.fi\/sv\/avloppsvattenguide-2\/avloppsvattenguide\/livscykelkostnader-for-behandling-av-avloppsvatten\/\",\"name\":\"Livscykelkostnader f\u00f6r behandling av avloppsvatten - Vesiensuojeluyhdistysten Liitto ry\",\"isPartOf\":{\"@id\":\"https:\/\/vesiensuojelu.fi\/sv\/#website\"},\"datePublished\":\"2022-06-02T15:43:02+00:00\",\"dateModified\":\"2022-09-12T08:19:07+00:00\",\"breadcrumb\":{\"@id\":\"https:\/\/vesiensuojelu.fi\/sv\/avloppsvattenguide-2\/avloppsvattenguide\/livscykelkostnader-for-behandling-av-avloppsvatten\/#breadcrumb\"},\"inLanguage\":\"sv-SE\",\"potentialAction\":[{\"@type\":\"ReadAction\",\"target\":[\"https:\/\/vesiensuojelu.fi\/sv\/avloppsvattenguide-2\/avloppsvattenguide\/livscykelkostnader-for-behandling-av-avloppsvatten\/\"]}]},{\"@type\":\"BreadcrumbList\",\"@id\":\"https:\/\/vesiensuojelu.fi\/sv\/avloppsvattenguide-2\/avloppsvattenguide\/livscykelkostnader-for-behandling-av-avloppsvatten\/#breadcrumb\",\"itemListElement\":[{\"@type\":\"ListItem\",\"position\":1,\"name\":\"Avloppsvattenguide\",\"item\":\"https:\/\/vesiensuojelu.fi\/sv\/avloppsvattenguide-2\/\"},{\"@type\":\"ListItem\",\"position\":2,\"name\":\"Avloppsvattenguide\",\"item\":\"https:\/\/vesiensuojelu.fi\/sv\/avloppsvattenguide-2\/avloppsvattenguide\/\"},{\"@type\":\"ListItem\",\"position\":3,\"name\":\"Livscykelkostnader f\u00f6r behandling av avloppsvatten\"}]},{\"@type\":\"WebSite\",\"@id\":\"https:\/\/vesiensuojelu.fi\/sv\/#website\",\"url\":\"https:\/\/vesiensuojelu.fi\/sv\/\",\"name\":\"Vesiensuojeluyhdistysten Liitto ry\",\"description\":\"Tavoitteena puhtaat vedet\",\"publisher\":{\"@id\":\"https:\/\/vesiensuojelu.fi\/sv\/#organization\"},\"potentialAction\":[{\"@type\":\"SearchAction\",\"target\":{\"@type\":\"EntryPoint\",\"urlTemplate\":\"https:\/\/vesiensuojelu.fi\/sv\/?s={search_term_string}\"},\"query-input\":{\"@type\":\"PropertyValueSpecification\",\"valueRequired\":true,\"valueName\":\"search_term_string\"}}],\"inLanguage\":\"sv-SE\"},{\"@type\":\"Organization\",\"@id\":\"https:\/\/vesiensuojelu.fi\/sv\/#organization\",\"name\":\"Vesiensuojeluyhdistysten Liitto ry\",\"url\":\"https:\/\/vesiensuojelu.fi\/sv\/\",\"logo\":{\"@type\":\"ImageObject\",\"inLanguage\":\"sv-SE\",\"@id\":\"https:\/\/vesiensuojelu.fi\/sv\/#\/schema\/logo\/image\/\",\"url\":\"https:\/\/www.vesiensuojelu.fi\/wp-content\/uploads\/2021\/08\/Liiton-logo.png\",\"contentUrl\":\"https:\/\/www.vesiensuojelu.fi\/wp-content\/uploads\/2021\/08\/Liiton-logo.png\",\"width\":594,\"height\":117,\"caption\":\"Vesiensuojeluyhdistysten Liitto ry\"},\"image\":{\"@id\":\"https:\/\/vesiensuojelu.fi\/sv\/#\/schema\/logo\/image\/\"},\"sameAs\":[\"https:\/\/www.facebook.com\/vesiensuojelu\/\"]}]}<\/script>\n<!-- \/ Yoast SEO plugin. -->","yoast_head_json":{"title":"Livscykelkostnader f\u00f6r behandling av avloppsvatten - Vesiensuojeluyhdistysten Liitto ry","robots":{"index":"index","follow":"follow","max-snippet":"max-snippet:-1","max-image-preview":"max-image-preview:large","max-video-preview":"max-video-preview:-1"},"canonical":"https:\/\/vesiensuojelu.fi\/sv\/avloppsvattenguide-2\/avloppsvattenguide\/livscykelkostnader-for-behandling-av-avloppsvatten\/","og_locale":"sv_SE","og_type":"article","og_title":"Livscykelkostnader f\u00f6r behandling av avloppsvatten - Vesiensuojeluyhdistysten Liitto ry","og_description":"[vc_row row_height_percent=&#8221;0&#8243; override_padding=&#8221;yes&#8221; h_padding=&#8221;2&#8243; top_padding=&#8221;2&#8243; bottom_padding=&#8221;2&#8243; back_color=&#8221;color-gyho&#8221; back_image=&#8221;2061&#8243; back_attachment=&#8221;fixed&#8221; overlay_color=&#8221;color-xsdn&#8221; overlay_alpha=&#8221;90&#8243; gutter_size=&#8221;3&#8243; column_width_percent=&#8221;100&#8243; shift_y=&#8221;-3&#8243; z_index=&#8221;2&#8243; top_divider=&#8221;gradient&#8221; uncode_shortcode_id=&#8221;205096&#8243; back_color_type=&#8221;uncode-palette&#8221; overlay_color_type=&#8221;uncode-palette&#8221;][vc_column column_width_percent=&#8221;100&#8243; [&hellip;]","og_url":"https:\/\/vesiensuojelu.fi\/sv\/avloppsvattenguide-2\/avloppsvattenguide\/livscykelkostnader-for-behandling-av-avloppsvatten\/","og_site_name":"Vesiensuojeluyhdistysten Liitto ry","article_publisher":"https:\/\/www.facebook.com\/vesiensuojelu\/","article_modified_time":"2022-09-12T08:19:07+00:00","twitter_card":"summary_large_image","twitter_misc":{"Ber\u00e4knad l\u00e4stid":"4 minuter"},"schema":{"@context":"https:\/\/schema.org","@graph":[{"@type":"WebPage","@id":"https:\/\/vesiensuojelu.fi\/sv\/avloppsvattenguide-2\/avloppsvattenguide\/livscykelkostnader-for-behandling-av-avloppsvatten\/","url":"https:\/\/vesiensuojelu.fi\/sv\/avloppsvattenguide-2\/avloppsvattenguide\/livscykelkostnader-for-behandling-av-avloppsvatten\/","name":"Livscykelkostnader f\u00f6r behandling av avloppsvatten - Vesiensuojeluyhdistysten Liitto ry","isPartOf":{"@id":"https:\/\/vesiensuojelu.fi\/sv\/#website"},"datePublished":"2022-06-02T15:43:02+00:00","dateModified":"2022-09-12T08:19:07+00:00","breadcrumb":{"@id":"https:\/\/vesiensuojelu.fi\/sv\/avloppsvattenguide-2\/avloppsvattenguide\/livscykelkostnader-for-behandling-av-avloppsvatten\/#breadcrumb"},"inLanguage":"sv-SE","potentialAction":[{"@type":"ReadAction","target":["https:\/\/vesiensuojelu.fi\/sv\/avloppsvattenguide-2\/avloppsvattenguide\/livscykelkostnader-for-behandling-av-avloppsvatten\/"]}]},{"@type":"BreadcrumbList","@id":"https:\/\/vesiensuojelu.fi\/sv\/avloppsvattenguide-2\/avloppsvattenguide\/livscykelkostnader-for-behandling-av-avloppsvatten\/#breadcrumb","itemListElement":[{"@type":"ListItem","position":1,"name":"Avloppsvattenguide","item":"https:\/\/vesiensuojelu.fi\/sv\/avloppsvattenguide-2\/"},{"@type":"ListItem","position":2,"name":"Avloppsvattenguide","item":"https:\/\/vesiensuojelu.fi\/sv\/avloppsvattenguide-2\/avloppsvattenguide\/"},{"@type":"ListItem","position":3,"name":"Livscykelkostnader f\u00f6r behandling av avloppsvatten"}]},{"@type":"WebSite","@id":"https:\/\/vesiensuojelu.fi\/sv\/#website","url":"https:\/\/vesiensuojelu.fi\/sv\/","name":"Vesiensuojeluyhdistysten Liitto ry","description":"Tavoitteena puhtaat vedet","publisher":{"@id":"https:\/\/vesiensuojelu.fi\/sv\/#organization"},"potentialAction":[{"@type":"SearchAction","target":{"@type":"EntryPoint","urlTemplate":"https:\/\/vesiensuojelu.fi\/sv\/?s={search_term_string}"},"query-input":{"@type":"PropertyValueSpecification","valueRequired":true,"valueName":"search_term_string"}}],"inLanguage":"sv-SE"},{"@type":"Organization","@id":"https:\/\/vesiensuojelu.fi\/sv\/#organization","name":"Vesiensuojeluyhdistysten Liitto ry","url":"https:\/\/vesiensuojelu.fi\/sv\/","logo":{"@type":"ImageObject","inLanguage":"sv-SE","@id":"https:\/\/vesiensuojelu.fi\/sv\/#\/schema\/logo\/image\/","url":"https:\/\/www.vesiensuojelu.fi\/wp-content\/uploads\/2021\/08\/Liiton-logo.png","contentUrl":"https:\/\/www.vesiensuojelu.fi\/wp-content\/uploads\/2021\/08\/Liiton-logo.png","width":594,"height":117,"caption":"Vesiensuojeluyhdistysten Liitto ry"},"image":{"@id":"https:\/\/vesiensuojelu.fi\/sv\/#\/schema\/logo\/image\/"},"sameAs":["https:\/\/www.facebook.com\/vesiensuojelu\/"]}]}},"_links":{"self":[{"href":"https:\/\/vesiensuojelu.fi\/sv\/wp-json\/wp\/v2\/pages\/4364","targetHints":{"allow":["GET"]}}],"collection":[{"href":"https:\/\/vesiensuojelu.fi\/sv\/wp-json\/wp\/v2\/pages"}],"about":[{"href":"https:\/\/vesiensuojelu.fi\/sv\/wp-json\/wp\/v2\/types\/page"}],"author":[{"embeddable":true,"href":"https:\/\/vesiensuojelu.fi\/sv\/wp-json\/wp\/v2\/users\/4"}],"replies":[{"embeddable":true,"href":"https:\/\/vesiensuojelu.fi\/sv\/wp-json\/wp\/v2\/comments?post=4364"}],"version-history":[{"count":3,"href":"https:\/\/vesiensuojelu.fi\/sv\/wp-json\/wp\/v2\/pages\/4364\/revisions"}],"predecessor-version":[{"id":4556,"href":"https:\/\/vesiensuojelu.fi\/sv\/wp-json\/wp\/v2\/pages\/4364\/revisions\/4556"}],"up":[{"embeddable":true,"href":"https:\/\/vesiensuojelu.fi\/sv\/wp-json\/wp\/v2\/pages\/4297"}],"wp:attachment":[{"href":"https:\/\/vesiensuojelu.fi\/sv\/wp-json\/wp\/v2\/media?parent=4364"}],"curies":[{"name":"wp","href":"https:\/\/api.w.org\/{rel}","templated":true}]}}