{"id":4358,"date":"2022-06-02T18:42:52","date_gmt":"2022-06-02T15:42:52","guid":{"rendered":"https:\/\/vesiensuojelu.fi\/avloppsvattenguide\/varfor-lonar-det-sig-att-behandla-tvatt-och-toalettvatten-skilt\/"},"modified":"2022-09-12T11:17:36","modified_gmt":"2022-09-12T08:17:36","slug":"varfor-lonar-det-sig-att-behandla-tvatt-och-toalettvatten-skilt","status":"publish","type":"page","link":"https:\/\/vesiensuojelu.fi\/sv\/avloppsvattenguide-2\/avloppsvattenguide\/varfor-lonar-det-sig-att-behandla-tvatt-och-toalettvatten-skilt\/","title":{"rendered":"Varf\u00f6r l\u00f6nar det sig att behandla tv\u00e4tt- och toalettvatten skilt?"},"content":{"rendered":"<div class=\"wpb-content-wrapper\"><p>[vc_row row_height_percent=&#8221;0&#8243; override_padding=&#8221;yes&#8221; h_padding=&#8221;2&#8243; top_padding=&#8221;2&#8243; bottom_padding=&#8221;2&#8243; back_color=&#8221;color-gyho&#8221; back_image=&#8221;2061&#8243; back_attachment=&#8221;fixed&#8221; overlay_color=&#8221;color-xsdn&#8221; overlay_alpha=&#8221;90&#8243; gutter_size=&#8221;3&#8243; column_width_percent=&#8221;100&#8243; shift_y=&#8221;-3&#8243; z_index=&#8221;2&#8243; top_divider=&#8221;gradient&#8221; uncode_shortcode_id=&#8221;205096&#8243; back_color_type=&#8221;uncode-palette&#8221; overlay_color_type=&#8221;uncode-palette&#8221;][vc_column column_width_percent=&#8221;100&#8243; gutter_size=&#8221;4&#8243; back_color=&#8221;color-xsdn&#8221; overlay_alpha=&#8221;50&#8243; shift_x=&#8221;0&#8243; shift_y=&#8221;0&#8243; shift_y_down=&#8221;0&#8243; z_index=&#8221;0&#8243; medium_width=&#8221;0&#8243; mobile_width=&#8221;0&#8243; sticky=&#8221;yes&#8221; radius=&#8221;std&#8221; shadow=&#8221;sm&#8221; width=&#8221;1\/3&#8243; uncode_shortcode_id=&#8221;207639&#8243; back_color_type=&#8221;uncode-palette&#8221;][vc_column_text uncode_shortcode_id=&#8221;392820&#8243; el_class=&#8221;sidebar-links&#8221;]<\/p>\n<h2>Inneh\u00e5ll<\/h2>\n<p><a href=\"#miksi-pesu-ja-kaymalavesien-erilliskasittely-kannattaa\">Varf\u00f6r l\u00f6nar det sig att behandla tv\u00e4tt- och toalettvatten skilt?<\/a><br \/>\n<a href=\"#erilliskasittelyn-etuja\">F\u00f6rdelar med separat behandling<\/a>[\/vc_column_text][vc_column_text uncode_shortcode_id=&#8221;102550&#8243; el_class=&#8221;sidebar-links&#8221;]<\/p>\n<h3>Huvudsidor<\/h3>\n<p><a href=\"https:\/\/vesiensuojelu.fi\/sv\/avloppsvattenguide-2\/avloppsvattenguide\/\">Ing\u00e5ngssida<\/a><br \/>\n<a title=\"Avloppsvattnets inverkan p\u00e5 milj\u00f6n\" href=\"https:\/\/vesiensuojelu.fi\/sv\/avloppsvattenguide-2\/avloppsvattenguide\/avloppsvattnets-inverkan-pa-miljon\/\">Avloppsvattnets inverkan p\u00e5 milj\u00f6n<\/a><br \/>\n<a href=\"https:\/\/vesiensuojelu.fi\/sv\/avloppsvattenguide-2\/avloppsvattenguide\/kort-om-lagstiftning\/\">Kort om lagstiftning<\/a><br \/>\n<a href=\"https:\/\/vesiensuojelu.fi\/sv\/avloppsvattenguide-2\/avloppsvattenguide\/varfor-lonar-det-sig-att-behandla-tvatt-och-toalettvatten-skilt\/\">Varf\u00f6r l\u00f6nar det sig att behandla tv\u00e4tt- och toalettvatten skilt?<\/a><br \/>\n<a href=\"https:\/\/vesiensuojelu.fi\/sv\/avloppsvattenguide-2\/avloppsvattenguide\/livscykelkostnader-for-behandling-av-avloppsvatten\/\">Livscykelkostnader f\u00f6r behandling av avloppsvatten<\/a><\/p>\n<h3>Inv\u00e5nares uppgifter<\/h3>\n<p><a href=\"https:\/\/vesiensuojelu.fi\/sv\/avloppsvattenguide-2\/invanares-uppgifter\/\">Inv\u00e5nares uppgifter<\/a><br \/>\n<a href=\"https:\/\/vesiensuojelu.fi\/jatevesiopas\/asukkaan-tehtavat\/selvitys-jarjestelmasta\/\">Selvitys j\u00e4rjestelm\u00e4st\u00e4<\/a><br \/>\n<a href=\"https:\/\/vesiensuojelu.fi\/sv\/avloppsvattenguide-2\/invanares-uppgifter\/underhall-och-service\/\">Underh\u00e5ll och service<\/a><br \/>\n<a href=\"https:\/\/vesiensuojelu.fi\/sv\/avloppsvattenguide-2\/invanares-uppgifter\/fornyande-av-avloppsreningssystem\/\">F\u00f6rnyande av avloppsreningssystem<\/a><br \/>\n<a href=\"https:\/\/vesiensuojelu.fi\/sv\/avloppsvattenguide-2\/invanares-uppgifter\/behandlingsalternativ\/\">Behandlingsalternativ<\/a><\/p>\n<h3>Avloppsvattenbehandlingen<\/h3>\n<p><a href=\"https:\/\/vesiensuojelu.fi\/sv\/avloppsvattenguide-2\/avloppsvattenbehandlingen\/\">Alternativ f\u00f6r avloppsvattenbehandlingen<\/a><br \/>\n<a href=\"https:\/\/vesiensuojelu.fi\/sv\/avloppsvattenguide-2\/avloppsvattenbehandlingen\/avloppsnat\/\">Avloppsn\u00e4t<\/a><br \/>\n<a href=\"https:\/\/vesiensuojelu.fi\/sv\/avloppsvattenguide-2\/avloppsvattenbehandlingen\/fastighetsvisa-losningar\/\">Fastighetsvisa l\u00f6sningar<\/a><br \/>\n<a href=\"https:\/\/vesiensuojelu.fi\/sv\/avloppsvattenguide-2\/avloppsvattenbehandlingen\/separat-behandling-for-toalett-och-tvattvatten\/\">Separat behandling f\u00f6r toalett- och tv\u00e4ttvatten<\/a><br \/>\n<a href=\"https:\/\/vesiensuojelu.fi\/sv\/avloppsvattenguide-2\/avloppsvattenbehandlingen\/behandling-av-allt-avloppsvatten-i-samma-system\/\">Behandling av allt avloppsvatten i samma system<\/a><\/p>\n<h3>Information om guiden<\/h3>\n<p><a href=\"https:\/\/vesiensuojelu.fi\/sv\/avloppsvattenguide-2\/information-om-guiden\/foretagare-kontaktinformation\/\">F\u00f6retagare kontaktinformation<\/a><br \/>\n<a href=\"https:\/\/vesiensuojelu.fi\/sv\/avloppsvattenguide-2\/information-om-guiden\/lankar-och-radgivning\/\">L\u00e4nkar och r\u00e5dgivning<\/a><br \/>\n<a href=\"https:\/\/vesiensuojelu.fi\/sv\/avloppsvattenguide-2\/information-om-guiden\/material\/\">Material<\/a><br \/>\n<a href=\"https:\/\/vesiensuojelu.fi\/jatevesiopas\/tietoa-oppaasta\/jateveden-abc\/\">Avloppsvattnets ABC<\/a>[\/vc_column_text][\/vc_column][vc_column column_width_percent=&#8221;100&#8243; gutter_size=&#8221;4&#8243; back_color=&#8221;color-xsdn&#8221; overlay_alpha=&#8221;50&#8243; shift_x=&#8221;0&#8243; shift_y=&#8221;0&#8243; shift_y_down=&#8221;0&#8243; z_index=&#8221;0&#8243; medium_width=&#8221;0&#8243; mobile_width=&#8221;0&#8243; radius=&#8221;std&#8221; shadow=&#8221;std&#8221; width=&#8221;2\/3&#8243; uncode_shortcode_id=&#8221;729493&#8243; back_color_type=&#8221;uncode-palette&#8221;][vc_row_inner row_inner_height_percent=&#8221;0&#8243; overlay_alpha=&#8221;50&#8243; gutter_size=&#8221;3&#8243; shift_y=&#8221;0&#8243; z_index=&#8221;0&#8243; uncode_shortcode_id=&#8221;185156&#8243; el_id=&#8221;miksi-pesu-ja-kaymalavesien-erilliskasittely-kannattaa&#8221; limit_content=&#8221;&#8221;][vc_column_inner width=&#8221;1\/1&#8243;][vc_custom_heading heading_semantic=&#8221;h3&#8243; text_size=&#8221;h3&#8243; uncode_shortcode_id=&#8221;139132&#8243;]Varf\u00f6r l\u00f6nar det sig att behandla tv\u00e4tt- och toalettvatten skilt?[\/vc_custom_heading][vc_column_text uncode_shortcode_id=&#8221;184921&#8243;]Toalettvattnet inneh\u00e5ller den st\u00f6rsta delen av de milj\u00f6belastande f\u00f6rorenande \u00e4mnena och mikroberna som finns i hush\u00e5llsavloppsvattnet. Urin och avf\u00f6ring \u00e4r bra jordf\u00f6rb\u00e4ttringsmedel och de inneh\u00e5ller en hel del anv\u00e4ndbara n\u00e4rings\u00e4mnen. Efter behandling i slamavskiljare \u00e4r det endast lite organiskt material som \u00e5terst\u00e5r att renas fr\u00e5n tv\u00e4ttvattnet. Det \u00e4r l\u00e4ttare och mera tillf\u00f6rlitligt att rena avloppsvattnet ifall toalettvattnet inte blandas med det m\u00e4rkbart renare tv\u00e4ttvattnet, som st\u00e5r f\u00f6r den st\u00f6rsta delen av det avloppsvatten som bildas i hush\u00e5llen.[\/vc_column_text][vc_button border_width=&#8221;0&#8243; uncode_shortcode_id=&#8221;229724&#8243; link=&#8221;url:https%3A%2F%2Fwww.youtube.com%2Fwatch%3Fv%3DaIDcz4UxGLg|&#8221; el_class=&#8221;arrow-button&#8221;]Katso video \u201dMiksi pesu- ja k\u00e4ym\u00e4l\u00e4vedet kannattaa erotella?\u201d[\/vc_button][vc_single_image media=&#8221;3587&#8243; media_width_use_pixel=&#8221;yes&#8221; uncode_shortcode_id=&#8221;157620&#8243;][vc_column_text uncode_shortcode_id=&#8221;164778&#8243;]<em>De relativa andelarna av belastande \u00e4mnen i toalett- och tv\u00e4ttvattnen i hush\u00e5llsavloppsvattnen (S\u00e4rkel\u00e4 ja Lahti, 2013).<\/em>[\/vc_column_text][vc_column_text uncode_shortcode_id=&#8221;123287&#8243;]P\u00e5 fastigheter med vattentoalett d\u00e4r man behandlar tv\u00e4tt- och toalettvatten skilt leds toalettvattnet till ett mellanlager, allts\u00e5 en sluten tank. F\u00f6r behandling av <a href=\"https:\/\/vesiensuojelu.fi\/sv\/avloppsvattenguide-2\/avloppsvattenbehandlingen\/separat-behandling-for-toalett-och-tvattvatten\/\">tv\u00e4ttvattnet<\/a> r\u00e4cker det med en betydligt enklare behandling \u00e4n den som \u00e4r avsedd f\u00f6r allt avloppsvatten.<\/p>\n<p>Mest nytta f\u00e5r man av separat behandling genom att ta i bruk en <a href=\"https:\/\/vesiensuojelu.fi\/sv\/avloppsvattenguide-2\/avloppsvattenbehandlingen\/separat-behandling-for-toalett-och-tvattvatten\/\">vattenfri<\/a> eller <a href=\"https:\/\/vesiensuojelu.fi\/sv\/avloppsvattenguide-2\/avloppsvattenbehandlingen\/separat-behandling-for-toalett-och-tvattvatten\/\">vattensn\u00e5l<\/a> toalett ist\u00e4llet f\u00f6r en vattentoalett. P\u00e5 s\u00e5 s\u00e4tt minskar vattenf\u00f6rbrukningen, m\u00e4ngden slam samt indirekt milj\u00f6p\u00e5verkan av dem. Samtidigt sparar du in p\u00e5 t\u00f6mningskostnaderna f\u00f6r en sluten tank. Med hj\u00e4lp av vattensn\u00e5la toalettsystem kan man minska m\u00e4ngden toalettvatten till mindre \u00e4n en tiondel j\u00e4mf\u00f6rt med en normal vattentoalett. De v\u00e4rdefulla n\u00e4rings\u00e4mnena i resterna fr\u00e5n en vattenfri toalett kan man <a href=\"https:\/\/vesiensuojelu.fi\/sv\/avloppsvattenguide-2\/avloppsvattenguide\/\">anv\u00e4nda till nytta som g\u00f6dsel eller jordf\u00f6rb\u00e4ttringsmedel<\/a> n\u00e4ra den plats d\u00e4r det uppkommer.<\/p>\n<p>Om det \u00e4r aktuellt att bygga eller f\u00f6rnya avloppssystemet, ta f\u00f6rst reda p\u00e5 om det \u00e4r m\u00f6jligt med separata r\u00f6r och separat behandling. Vid nya byggnader l\u00f6nar det sig alltid att dra separata r\u00f6r \u00e4nda till utsidan av huset, s\u00e5 att det \u00e4r m\u00f6jligt att behandla toalett- och tv\u00e4ttvatten b\u00e5de tillsammans och separat.[\/vc_column_text][vc_button border_width=&#8221;0&#8243; uncode_shortcode_id=&#8221;187286&#8243; link=&#8221;url:https%3A%2F%2Fvesiensuojelu.fi%2Fsv%2Favloppsvattenguide-2%2Favloppsvattenbehandlingen%2Fseparat-behandling-for-toalett-och-tvattvatten%2F|title:Separat%20behandling%20f%C3%B6r%20toalett-%20och%20tv%C3%A4ttvatten|&#8221; el_class=&#8221;arrow-button&#8221;]L\u00e4s mer om separat behandling av toalett- och tv\u00e4ttvatten.[\/vc_button][\/vc_column_inner][\/vc_row_inner][vc_row_inner row_inner_height_percent=&#8221;0&#8243; overlay_alpha=&#8221;50&#8243; gutter_size=&#8221;3&#8243; shift_y=&#8221;0&#8243; z_index=&#8221;0&#8243; uncode_shortcode_id=&#8221;110283&#8243; el_id=&#8221;erilliskasittelyn-etuja&#8221;][vc_column_inner width=&#8221;1\/1&#8243;][vc_single_image media=&#8221;3615&#8243; media_width_use_pixel=&#8221;yes&#8221; uncode_shortcode_id=&#8221;127344&#8243;][\/vc_column_inner][\/vc_row_inner][\/vc_column][\/vc_row]<\/p>\n<\/div>","protected":false},"excerpt":{"rendered":"<p>[vc_row row_height_percent=&#8221;0&#8243; override_padding=&#8221;yes&#8221; h_padding=&#8221;2&#8243; top_padding=&#8221;2&#8243; bottom_padding=&#8221;2&#8243; back_color=&#8221;color-gyho&#8221; back_image=&#8221;2061&#8243; back_attachment=&#8221;fixed&#8221; overlay_color=&#8221;color-xsdn&#8221; overlay_alpha=&#8221;90&#8243; gutter_size=&#8221;3&#8243; column_width_percent=&#8221;100&#8243; shift_y=&#8221;-3&#8243; z_index=&#8221;2&#8243; top_divider=&#8221;gradient&#8221; uncode_shortcode_id=&#8221;205096&#8243; back_color_type=&#8221;uncode-palette&#8221; overlay_color_type=&#8221;uncode-palette&#8221;][vc_column column_width_percent=&#8221;100&#8243; [&hellip;]<\/p>\n","protected":false},"author":4,"featured_media":0,"parent":4297,"menu_order":0,"comment_status":"closed","ping_status":"closed","template":"","meta":{"footnotes":""},"class_list":["post-4358","page","type-page","status-publish","hentry"],"yoast_head":"<!-- This site is optimized with the Yoast SEO plugin v26.9 - https:\/\/yoast.com\/product\/yoast-seo-wordpress\/ -->\n<title>Varf\u00f6r l\u00f6nar det sig att behandla tv\u00e4tt- och toalettvatten skilt? - Vesiensuojeluyhdistysten Liitto ry<\/title>\n<meta name=\"robots\" content=\"index, follow, max-snippet:-1, max-image-preview:large, max-video-preview:-1\" \/>\n<link rel=\"canonical\" href=\"https:\/\/vesiensuojelu.fi\/sv\/avloppsvattenguide-2\/avloppsvattenguide\/varfor-lonar-det-sig-att-behandla-tvatt-och-toalettvatten-skilt\/\" \/>\n<meta property=\"og:locale\" content=\"sv_SE\" \/>\n<meta property=\"og:type\" content=\"article\" \/>\n<meta property=\"og:title\" content=\"Varf\u00f6r l\u00f6nar det sig att behandla tv\u00e4tt- och toalettvatten skilt? - Vesiensuojeluyhdistysten Liitto ry\" \/>\n<meta property=\"og:description\" content=\"[vc_row row_height_percent=&#8221;0&#8243; override_padding=&#8221;yes&#8221; h_padding=&#8221;2&#8243; top_padding=&#8221;2&#8243; bottom_padding=&#8221;2&#8243; back_color=&#8221;color-gyho&#8221; back_image=&#8221;2061&#8243; back_attachment=&#8221;fixed&#8221; overlay_color=&#8221;color-xsdn&#8221; overlay_alpha=&#8221;90&#8243; gutter_size=&#8221;3&#8243; column_width_percent=&#8221;100&#8243; shift_y=&#8221;-3&#8243; z_index=&#8221;2&#8243; top_divider=&#8221;gradient&#8221; uncode_shortcode_id=&#8221;205096&#8243; back_color_type=&#8221;uncode-palette&#8221; overlay_color_type=&#8221;uncode-palette&#8221;][vc_column column_width_percent=&#8221;100&#8243; [&hellip;]\" \/>\n<meta property=\"og:url\" content=\"https:\/\/vesiensuojelu.fi\/sv\/avloppsvattenguide-2\/avloppsvattenguide\/varfor-lonar-det-sig-att-behandla-tvatt-och-toalettvatten-skilt\/\" \/>\n<meta property=\"og:site_name\" content=\"Vesiensuojeluyhdistysten Liitto ry\" \/>\n<meta property=\"article:publisher\" content=\"https:\/\/www.facebook.com\/vesiensuojelu\/\" \/>\n<meta property=\"article:modified_time\" content=\"2022-09-12T08:17:36+00:00\" \/>\n<meta name=\"twitter:card\" content=\"summary_large_image\" \/>\n<meta name=\"twitter:label1\" content=\"Ber\u00e4knad l\u00e4stid\" \/>\n\t<meta name=\"twitter:data1\" content=\"4 minuter\" \/>\n<script type=\"application\/ld+json\" class=\"yoast-schema-graph\">{\"@context\":\"https:\/\/schema.org\",\"@graph\":[{\"@type\":\"WebPage\",\"@id\":\"https:\/\/vesiensuojelu.fi\/sv\/avloppsvattenguide-2\/avloppsvattenguide\/varfor-lonar-det-sig-att-behandla-tvatt-och-toalettvatten-skilt\/\",\"url\":\"https:\/\/vesiensuojelu.fi\/sv\/avloppsvattenguide-2\/avloppsvattenguide\/varfor-lonar-det-sig-att-behandla-tvatt-och-toalettvatten-skilt\/\",\"name\":\"Varf\u00f6r l\u00f6nar det sig att behandla tv\u00e4tt- och toalettvatten skilt? - Vesiensuojeluyhdistysten Liitto ry\",\"isPartOf\":{\"@id\":\"https:\/\/vesiensuojelu.fi\/sv\/#website\"},\"datePublished\":\"2022-06-02T15:42:52+00:00\",\"dateModified\":\"2022-09-12T08:17:36+00:00\",\"breadcrumb\":{\"@id\":\"https:\/\/vesiensuojelu.fi\/sv\/avloppsvattenguide-2\/avloppsvattenguide\/varfor-lonar-det-sig-att-behandla-tvatt-och-toalettvatten-skilt\/#breadcrumb\"},\"inLanguage\":\"sv-SE\",\"potentialAction\":[{\"@type\":\"ReadAction\",\"target\":[\"https:\/\/vesiensuojelu.fi\/sv\/avloppsvattenguide-2\/avloppsvattenguide\/varfor-lonar-det-sig-att-behandla-tvatt-och-toalettvatten-skilt\/\"]}]},{\"@type\":\"BreadcrumbList\",\"@id\":\"https:\/\/vesiensuojelu.fi\/sv\/avloppsvattenguide-2\/avloppsvattenguide\/varfor-lonar-det-sig-att-behandla-tvatt-och-toalettvatten-skilt\/#breadcrumb\",\"itemListElement\":[{\"@type\":\"ListItem\",\"position\":1,\"name\":\"Avloppsvattenguide\",\"item\":\"https:\/\/vesiensuojelu.fi\/sv\/avloppsvattenguide-2\/\"},{\"@type\":\"ListItem\",\"position\":2,\"name\":\"Avloppsvattenguide\",\"item\":\"https:\/\/vesiensuojelu.fi\/sv\/avloppsvattenguide-2\/avloppsvattenguide\/\"},{\"@type\":\"ListItem\",\"position\":3,\"name\":\"Varf\u00f6r l\u00f6nar det sig att behandla tv\u00e4tt- och toalettvatten skilt?\"}]},{\"@type\":\"WebSite\",\"@id\":\"https:\/\/vesiensuojelu.fi\/sv\/#website\",\"url\":\"https:\/\/vesiensuojelu.fi\/sv\/\",\"name\":\"Vesiensuojeluyhdistysten Liitto ry\",\"description\":\"Tavoitteena puhtaat vedet\",\"publisher\":{\"@id\":\"https:\/\/vesiensuojelu.fi\/sv\/#organization\"},\"potentialAction\":[{\"@type\":\"SearchAction\",\"target\":{\"@type\":\"EntryPoint\",\"urlTemplate\":\"https:\/\/vesiensuojelu.fi\/sv\/?s={search_term_string}\"},\"query-input\":{\"@type\":\"PropertyValueSpecification\",\"valueRequired\":true,\"valueName\":\"search_term_string\"}}],\"inLanguage\":\"sv-SE\"},{\"@type\":\"Organization\",\"@id\":\"https:\/\/vesiensuojelu.fi\/sv\/#organization\",\"name\":\"Vesiensuojeluyhdistysten Liitto ry\",\"url\":\"https:\/\/vesiensuojelu.fi\/sv\/\",\"logo\":{\"@type\":\"ImageObject\",\"inLanguage\":\"sv-SE\",\"@id\":\"https:\/\/vesiensuojelu.fi\/sv\/#\/schema\/logo\/image\/\",\"url\":\"https:\/\/www.vesiensuojelu.fi\/wp-content\/uploads\/2021\/08\/Liiton-logo.png\",\"contentUrl\":\"https:\/\/www.vesiensuojelu.fi\/wp-content\/uploads\/2021\/08\/Liiton-logo.png\",\"width\":594,\"height\":117,\"caption\":\"Vesiensuojeluyhdistysten Liitto ry\"},\"image\":{\"@id\":\"https:\/\/vesiensuojelu.fi\/sv\/#\/schema\/logo\/image\/\"},\"sameAs\":[\"https:\/\/www.facebook.com\/vesiensuojelu\/\"]}]}<\/script>\n<!-- \/ Yoast SEO plugin. -->","yoast_head_json":{"title":"Varf\u00f6r l\u00f6nar det sig att behandla tv\u00e4tt- och toalettvatten skilt? - Vesiensuojeluyhdistysten Liitto ry","robots":{"index":"index","follow":"follow","max-snippet":"max-snippet:-1","max-image-preview":"max-image-preview:large","max-video-preview":"max-video-preview:-1"},"canonical":"https:\/\/vesiensuojelu.fi\/sv\/avloppsvattenguide-2\/avloppsvattenguide\/varfor-lonar-det-sig-att-behandla-tvatt-och-toalettvatten-skilt\/","og_locale":"sv_SE","og_type":"article","og_title":"Varf\u00f6r l\u00f6nar det sig att behandla tv\u00e4tt- och toalettvatten skilt? - Vesiensuojeluyhdistysten Liitto ry","og_description":"[vc_row row_height_percent=&#8221;0&#8243; override_padding=&#8221;yes&#8221; h_padding=&#8221;2&#8243; top_padding=&#8221;2&#8243; bottom_padding=&#8221;2&#8243; back_color=&#8221;color-gyho&#8221; back_image=&#8221;2061&#8243; back_attachment=&#8221;fixed&#8221; overlay_color=&#8221;color-xsdn&#8221; overlay_alpha=&#8221;90&#8243; gutter_size=&#8221;3&#8243; column_width_percent=&#8221;100&#8243; shift_y=&#8221;-3&#8243; z_index=&#8221;2&#8243; top_divider=&#8221;gradient&#8221; uncode_shortcode_id=&#8221;205096&#8243; back_color_type=&#8221;uncode-palette&#8221; overlay_color_type=&#8221;uncode-palette&#8221;][vc_column column_width_percent=&#8221;100&#8243; [&hellip;]","og_url":"https:\/\/vesiensuojelu.fi\/sv\/avloppsvattenguide-2\/avloppsvattenguide\/varfor-lonar-det-sig-att-behandla-tvatt-och-toalettvatten-skilt\/","og_site_name":"Vesiensuojeluyhdistysten Liitto ry","article_publisher":"https:\/\/www.facebook.com\/vesiensuojelu\/","article_modified_time":"2022-09-12T08:17:36+00:00","twitter_card":"summary_large_image","twitter_misc":{"Ber\u00e4knad l\u00e4stid":"4 minuter"},"schema":{"@context":"https:\/\/schema.org","@graph":[{"@type":"WebPage","@id":"https:\/\/vesiensuojelu.fi\/sv\/avloppsvattenguide-2\/avloppsvattenguide\/varfor-lonar-det-sig-att-behandla-tvatt-och-toalettvatten-skilt\/","url":"https:\/\/vesiensuojelu.fi\/sv\/avloppsvattenguide-2\/avloppsvattenguide\/varfor-lonar-det-sig-att-behandla-tvatt-och-toalettvatten-skilt\/","name":"Varf\u00f6r l\u00f6nar det sig att behandla tv\u00e4tt- och toalettvatten skilt? - Vesiensuojeluyhdistysten Liitto ry","isPartOf":{"@id":"https:\/\/vesiensuojelu.fi\/sv\/#website"},"datePublished":"2022-06-02T15:42:52+00:00","dateModified":"2022-09-12T08:17:36+00:00","breadcrumb":{"@id":"https:\/\/vesiensuojelu.fi\/sv\/avloppsvattenguide-2\/avloppsvattenguide\/varfor-lonar-det-sig-att-behandla-tvatt-och-toalettvatten-skilt\/#breadcrumb"},"inLanguage":"sv-SE","potentialAction":[{"@type":"ReadAction","target":["https:\/\/vesiensuojelu.fi\/sv\/avloppsvattenguide-2\/avloppsvattenguide\/varfor-lonar-det-sig-att-behandla-tvatt-och-toalettvatten-skilt\/"]}]},{"@type":"BreadcrumbList","@id":"https:\/\/vesiensuojelu.fi\/sv\/avloppsvattenguide-2\/avloppsvattenguide\/varfor-lonar-det-sig-att-behandla-tvatt-och-toalettvatten-skilt\/#breadcrumb","itemListElement":[{"@type":"ListItem","position":1,"name":"Avloppsvattenguide","item":"https:\/\/vesiensuojelu.fi\/sv\/avloppsvattenguide-2\/"},{"@type":"ListItem","position":2,"name":"Avloppsvattenguide","item":"https:\/\/vesiensuojelu.fi\/sv\/avloppsvattenguide-2\/avloppsvattenguide\/"},{"@type":"ListItem","position":3,"name":"Varf\u00f6r l\u00f6nar det sig att behandla tv\u00e4tt- och toalettvatten skilt?"}]},{"@type":"WebSite","@id":"https:\/\/vesiensuojelu.fi\/sv\/#website","url":"https:\/\/vesiensuojelu.fi\/sv\/","name":"Vesiensuojeluyhdistysten Liitto ry","description":"Tavoitteena puhtaat vedet","publisher":{"@id":"https:\/\/vesiensuojelu.fi\/sv\/#organization"},"potentialAction":[{"@type":"SearchAction","target":{"@type":"EntryPoint","urlTemplate":"https:\/\/vesiensuojelu.fi\/sv\/?s={search_term_string}"},"query-input":{"@type":"PropertyValueSpecification","valueRequired":true,"valueName":"search_term_string"}}],"inLanguage":"sv-SE"},{"@type":"Organization","@id":"https:\/\/vesiensuojelu.fi\/sv\/#organization","name":"Vesiensuojeluyhdistysten Liitto ry","url":"https:\/\/vesiensuojelu.fi\/sv\/","logo":{"@type":"ImageObject","inLanguage":"sv-SE","@id":"https:\/\/vesiensuojelu.fi\/sv\/#\/schema\/logo\/image\/","url":"https:\/\/www.vesiensuojelu.fi\/wp-content\/uploads\/2021\/08\/Liiton-logo.png","contentUrl":"https:\/\/www.vesiensuojelu.fi\/wp-content\/uploads\/2021\/08\/Liiton-logo.png","width":594,"height":117,"caption":"Vesiensuojeluyhdistysten Liitto ry"},"image":{"@id":"https:\/\/vesiensuojelu.fi\/sv\/#\/schema\/logo\/image\/"},"sameAs":["https:\/\/www.facebook.com\/vesiensuojelu\/"]}]}},"_links":{"self":[{"href":"https:\/\/vesiensuojelu.fi\/sv\/wp-json\/wp\/v2\/pages\/4358","targetHints":{"allow":["GET"]}}],"collection":[{"href":"https:\/\/vesiensuojelu.fi\/sv\/wp-json\/wp\/v2\/pages"}],"about":[{"href":"https:\/\/vesiensuojelu.fi\/sv\/wp-json\/wp\/v2\/types\/page"}],"author":[{"embeddable":true,"href":"https:\/\/vesiensuojelu.fi\/sv\/wp-json\/wp\/v2\/users\/4"}],"replies":[{"embeddable":true,"href":"https:\/\/vesiensuojelu.fi\/sv\/wp-json\/wp\/v2\/comments?post=4358"}],"version-history":[{"count":4,"href":"https:\/\/vesiensuojelu.fi\/sv\/wp-json\/wp\/v2\/pages\/4358\/revisions"}],"predecessor-version":[{"id":4533,"href":"https:\/\/vesiensuojelu.fi\/sv\/wp-json\/wp\/v2\/pages\/4358\/revisions\/4533"}],"up":[{"embeddable":true,"href":"https:\/\/vesiensuojelu.fi\/sv\/wp-json\/wp\/v2\/pages\/4297"}],"wp:attachment":[{"href":"https:\/\/vesiensuojelu.fi\/sv\/wp-json\/wp\/v2\/media?parent=4358"}],"curies":[{"name":"wp","href":"https:\/\/api.w.org\/{rel}","templated":true}]}}