{"id":4315,"date":"2022-05-25T14:37:35","date_gmt":"2022-05-25T11:37:35","guid":{"rendered":"https:\/\/vesiensuojelu.fi\/avloppsvattenbehandlingen\/"},"modified":"2022-09-12T11:17:20","modified_gmt":"2022-09-12T08:17:20","slug":"avloppsvattenbehandlingen","status":"publish","type":"page","link":"https:\/\/vesiensuojelu.fi\/sv\/avloppsvattenguide-2\/avloppsvattenbehandlingen\/","title":{"rendered":"Avloppsvattenbehandlingen"},"content":{"rendered":"<div class=\"wpb-content-wrapper\"><p>[vc_row row_height_percent=&#8221;0&#8243; override_padding=&#8221;yes&#8221; h_padding=&#8221;2&#8243; top_padding=&#8221;2&#8243; bottom_padding=&#8221;2&#8243; back_color=&#8221;color-gyho&#8221; back_image=&#8221;2061&#8243; back_attachment=&#8221;fixed&#8221; overlay_color=&#8221;color-xsdn&#8221; overlay_alpha=&#8221;90&#8243; gutter_size=&#8221;3&#8243; column_width_percent=&#8221;100&#8243; shift_y=&#8221;-3&#8243; z_index=&#8221;2&#8243; top_divider=&#8221;gradient&#8221; uncode_shortcode_id=&#8221;205096&#8243; back_color_type=&#8221;uncode-palette&#8221; overlay_color_type=&#8221;uncode-palette&#8221;][vc_column column_width_percent=&#8221;100&#8243; gutter_size=&#8221;4&#8243; back_color=&#8221;color-xsdn&#8221; overlay_alpha=&#8221;50&#8243; shift_x=&#8221;0&#8243; shift_y=&#8221;0&#8243; shift_y_down=&#8221;0&#8243; z_index=&#8221;0&#8243; medium_width=&#8221;0&#8243; mobile_width=&#8221;0&#8243; sticky=&#8221;yes&#8221; radius=&#8221;std&#8221; shadow=&#8221;sm&#8221; width=&#8221;1\/3&#8243; uncode_shortcode_id=&#8221;207639&#8243; back_color_type=&#8221;uncode-palette&#8221;][vc_column_text uncode_shortcode_id=&#8221;102550&#8243; el_class=&#8221;sidebar-links&#8221;]<\/p>\n<h3>Huvudsidor<\/h3>\n<p><a href=\"https:\/\/vesiensuojelu.fi\/sv\/avloppsvattenguide-2\/avloppsvattenguide\/\">Ing\u00e5ngssida<\/a><br \/>\n<a title=\"Avloppsvattnets inverkan p\u00e5 milj\u00f6n\" href=\"https:\/\/vesiensuojelu.fi\/sv\/avloppsvattenguide-2\/avloppsvattenguide\/avloppsvattnets-inverkan-pa-miljon\/\">Avloppsvattnets inverkan p\u00e5 milj\u00f6n<\/a><br \/>\n<a href=\"https:\/\/vesiensuojelu.fi\/sv\/avloppsvattenguide-2\/avloppsvattenguide\/kort-om-lagstiftning\/\">Kort om lagstiftning<\/a><br \/>\n<a href=\"https:\/\/vesiensuojelu.fi\/sv\/avloppsvattenguide-2\/avloppsvattenguide\/varfor-lonar-det-sig-att-behandla-tvatt-och-toalettvatten-skilt\/\">Varf\u00f6r l\u00f6nar det sig att behandla tv\u00e4tt- och toalettvatten skilt?<\/a><br \/>\n<a href=\"https:\/\/vesiensuojelu.fi\/sv\/avloppsvattenguide-2\/avloppsvattenguide\/livscykelkostnader-for-behandling-av-avloppsvatten\/\">Livscykelkostnader f\u00f6r behandling av avloppsvatten<\/a><\/p>\n<h3>Inv\u00e5nares uppgifter<\/h3>\n<p><a href=\"https:\/\/vesiensuojelu.fi\/sv\/avloppsvattenguide-2\/invanares-uppgifter\/\">Inv\u00e5nares uppgifter<\/a><br \/>\n<a href=\"https:\/\/vesiensuojelu.fi\/jatevesiopas\/asukkaan-tehtavat\/selvitys-jarjestelmasta\/\">Selvitys j\u00e4rjestelm\u00e4st\u00e4<\/a><br \/>\n<a href=\"https:\/\/vesiensuojelu.fi\/sv\/avloppsvattenguide-2\/invanares-uppgifter\/underhall-och-service\/\">Underh\u00e5ll och service<\/a><br \/>\n<a href=\"https:\/\/vesiensuojelu.fi\/sv\/avloppsvattenguide-2\/invanares-uppgifter\/fornyande-av-avloppsreningssystem\/\">F\u00f6rnyande av avloppsreningssystem<\/a><br \/>\n<a href=\"https:\/\/vesiensuojelu.fi\/sv\/avloppsvattenguide-2\/invanares-uppgifter\/behandlingsalternativ\/\">Behandlingsalternativ<\/a><\/p>\n<h3>Avloppsvattenbehandlingen<\/h3>\n<p><a href=\"https:\/\/vesiensuojelu.fi\/sv\/avloppsvattenguide-2\/avloppsvattenbehandlingen\/\">Alternativ f\u00f6r avloppsvattenbehandlingen<\/a><br \/>\n<a href=\"https:\/\/vesiensuojelu.fi\/sv\/avloppsvattenguide-2\/avloppsvattenbehandlingen\/avloppsnat\/\">Avloppsn\u00e4t<\/a><br \/>\n<a href=\"https:\/\/vesiensuojelu.fi\/sv\/avloppsvattenguide-2\/avloppsvattenbehandlingen\/fastighetsvisa-losningar\/\">Fastighetsvisa l\u00f6sningar<\/a><br \/>\n<a href=\"https:\/\/vesiensuojelu.fi\/sv\/avloppsvattenguide-2\/avloppsvattenbehandlingen\/separat-behandling-for-toalett-och-tvattvatten\/\">Separat behandling f\u00f6r toalett- och tv\u00e4ttvatten<\/a><br \/>\n<a href=\"https:\/\/vesiensuojelu.fi\/sv\/avloppsvattenguide-2\/avloppsvattenbehandlingen\/behandling-av-allt-avloppsvatten-i-samma-system\/\">Behandling av allt avloppsvatten i samma system<\/a><\/p>\n<h3>Information om guiden<\/h3>\n<p><a href=\"https:\/\/vesiensuojelu.fi\/sv\/avloppsvattenguide-2\/information-om-guiden\/foretagare-kontaktinformation\/\">F\u00f6retagare kontaktinformation<\/a><br \/>\n<a href=\"https:\/\/vesiensuojelu.fi\/sv\/avloppsvattenguide-2\/information-om-guiden\/lankar-och-radgivning\/\">L\u00e4nkar och r\u00e5dgivning<\/a><br \/>\n<a href=\"https:\/\/vesiensuojelu.fi\/sv\/avloppsvattenguide-2\/information-om-guiden\/material\/\">Material<\/a><br \/>\n<a href=\"https:\/\/vesiensuojelu.fi\/jatevesiopas\/tietoa-oppaasta\/jateveden-abc\/\">Avloppsvattnets ABC<\/a>[\/vc_column_text][\/vc_column][vc_column column_width_percent=&#8221;100&#8243; gutter_size=&#8221;4&#8243; back_color=&#8221;color-xsdn&#8221; overlay_alpha=&#8221;50&#8243; shift_x=&#8221;0&#8243; shift_y=&#8221;0&#8243; shift_y_down=&#8221;0&#8243; z_index=&#8221;0&#8243; medium_width=&#8221;0&#8243; mobile_width=&#8221;0&#8243; radius=&#8221;std&#8221; shadow=&#8221;std&#8221; width=&#8221;2\/3&#8243; uncode_shortcode_id=&#8221;729493&#8243; back_color_type=&#8221;uncode-palette&#8221;][vc_row_inner row_inner_height_percent=&#8221;0&#8243; overlay_alpha=&#8221;50&#8243; gutter_size=&#8221;3&#8243; shift_y=&#8221;0&#8243; z_index=&#8221;0&#8243; uncode_shortcode_id=&#8221;129071&#8243; el_id=&#8221;lausunnot-ja-kannanotot&#8221; limit_content=&#8221;&#8221;][vc_column_inner column_width_percent=&#8221;100&#8243; gutter_size=&#8221;3&#8243; overlay_alpha=&#8221;50&#8243; border_style=&#8221;solid&#8221; shift_x=&#8221;0&#8243; shift_y=&#8221;0&#8243; shift_y_down=&#8221;0&#8243; z_index=&#8221;0&#8243; medium_width=&#8221;0&#8243; mobile_width=&#8221;0&#8243; width=&#8221;1\/1&#8243; uncode_shortcode_id=&#8221;100283&#8243;][vc_custom_heading heading_semantic=&#8221;h3&#8243; text_size=&#8221;h3&#8243; uncode_shortcode_id=&#8221;201234&#8243;]Alternativ f\u00f6r avloppsvattenbehandlingen[\/vc_custom_heading][vc_column_text uncode_shortcode_id=&#8221;546824&#8243;]F\u00f6re man skaffar ett avloppsvattensystem f\u00f6r fastigheten \u00e4r det v\u00e4rt att t\u00e4nka p\u00e5 vad reningsbehovet \u00e4r f\u00f6r det avloppsvatten som uppkommer p\u00e5 fastigheten. Ifall det inte finns vattentoalett p\u00e5 fastigheten och m\u00e4ngden avloppsvatten som uppkommer \u00e4r <a href=\"https:\/\/vesiensuojelu.fi\/sv\/avloppsvattenguide-2\/avloppsvattenguide\/kort-om-lagstiftning\/\">liten<\/a>, finns det inga egentliga reningskrav f\u00f6r avloppsvattnet. S\u00e5dana <a href=\"https:\/\/vesiensuojelu.fi\/sv\/avloppsvattenguide-2\/avloppsvattenbehandlingen\/separat-behandling-for-toalett-och-tvattvatten\/#pienten-pesuvedet\">sm\u00e5 vattenm\u00e4ngder<\/a> kan ledas kontrollerat ut i jordm\u00e5nen utan n\u00e5got s\u00e4rskilt behandlingssystem. Reningskraven g\u00e4ller inte heller ifall avloppsvattnet leds till <a href=\"https:\/\/vesiensuojelu.fi\/sv\/avloppsvattenguide-2\/avloppsvattenbehandlingen\/avloppsnat\/\">avloppsn\u00e4tverket<\/a>.<\/p>\n<p>Avloppsvattnets reningsbehov \u00e4r ocks\u00e5 mindre, ifall det endast \u00e4r gr\u00e5vatten som behandlas. I praktiken \u00e4r det endast syref\u00f6rbrukande material som beh\u00f6ver renas fr\u00e5n gr\u00e5vattnet. Detta sk\u00f6ts genom biologiska processer. Det \u00e4r dock viktigt att komma ih\u00e5g, att de kemikalier vi anv\u00e4nder hamnar ocks\u00e5 i gr\u00e5vattnet och det l\u00f6nar sig att vara uppm\u00e4rksam p\u00e5 avledningen av dem.<\/p>\n<p>F\u00f6re man skaffar ett eget system till fastigheten, l\u00f6nar det sig ocks\u00e5 att \u00f6verv\u00e4ga m\u00f6jligheten att ordna <a href=\"https:\/\/vesiensuojelu.fi\/sv\/avloppsvattenguide-2\/avloppsvattenbehandlingen\/behandling-av-allt-avloppsvatten-i-samma-system\/\">behandlingen av avloppsvatten tillsammans med grannskapet.<\/a> F\u00f6rdelen med ett gemensamt system \u00e4r att avloppsvattenbelastningen \u00e4r j\u00e4mnare, vilket f\u00f6renklar avloppsvattenbehandlingen, samt att man per fastighet f\u00e5r l\u00e4gre ink\u00f6ps- och underh\u00e5llskostnader.<\/p>\n<ul>\n<li><a href=\"https:\/\/vesiensuojelu.fi\/sv\/avloppsvattenguide-2\/avloppsvattenguide\/livscykelkostnader-for-behandling-av-avloppsvatten\/\">Beakta systemets livscykelkostnader!<\/a><\/li>\n<li><a href=\"https:\/\/vesiensuojelu.fi\/sv\/avloppsvattenguide-2\/invanares-uppgifter\/underhall-och-service\/\">Inget system fungerar utan sk\u00f6tsel!<\/a><\/li>\n<li><a href=\"https:\/\/vesiensuojelu.fi\/sv\/avloppsvattenguide-2\/avloppsvattenguide\/varfor-lonar-det-sig-att-behandla-tvatt-och-toalettvatten-skilt\/\">Varf\u00f6r l\u00f6nar det sig att separera tv\u00e4tt- och toalettvatten?<\/a><\/li>\n<\/ul>\n<p>[\/vc_column_text][\/vc_column_inner][\/vc_row_inner][\/vc_column][\/vc_row]<\/p>\n<\/div>","protected":false},"excerpt":{"rendered":"<p>D\u00e5 man funderar \u00f6ver avloppsvattenl\u00f6sningar l\u00f6nar det sig att t\u00e4nka p\u00e5 kostnaderna f\u00f6r systemets hela livscykel samt den m\u00e4ngd sk\u00f6tsel som systemet kr\u00e4ver. Endast anskaffningskostnaderna ber\u00e4ttar inte om de totala kostnaderna.<\/p>\n","protected":false},"author":4,"featured_media":0,"parent":4347,"menu_order":0,"comment_status":"closed","ping_status":"closed","template":"","meta":{"footnotes":""},"class_list":["post-4315","page","type-page","status-publish","hentry"],"yoast_head":"<!-- This site is optimized with the Yoast SEO plugin v26.9 - https:\/\/yoast.com\/product\/yoast-seo-wordpress\/ -->\n<title>Avloppsvattenbehandlingen - Vesiensuojeluyhdistysten Liitto ry<\/title>\n<meta name=\"robots\" content=\"index, follow, max-snippet:-1, max-image-preview:large, max-video-preview:-1\" \/>\n<link rel=\"canonical\" href=\"https:\/\/vesiensuojelu.fi\/sv\/avloppsvattenguide-2\/avloppsvattenbehandlingen\/\" \/>\n<meta property=\"og:locale\" content=\"sv_SE\" \/>\n<meta property=\"og:type\" content=\"article\" \/>\n<meta property=\"og:title\" content=\"Avloppsvattenbehandlingen - Vesiensuojeluyhdistysten Liitto ry\" \/>\n<meta property=\"og:description\" content=\"D\u00e5 man funderar \u00f6ver avloppsvattenl\u00f6sningar l\u00f6nar det sig att t\u00e4nka p\u00e5 kostnaderna f\u00f6r systemets hela livscykel samt den m\u00e4ngd sk\u00f6tsel som systemet kr\u00e4ver. Endast anskaffningskostnaderna ber\u00e4ttar inte om de totala kostnaderna.\" \/>\n<meta property=\"og:url\" content=\"https:\/\/vesiensuojelu.fi\/sv\/avloppsvattenguide-2\/avloppsvattenbehandlingen\/\" \/>\n<meta property=\"og:site_name\" content=\"Vesiensuojeluyhdistysten Liitto ry\" \/>\n<meta property=\"article:publisher\" content=\"https:\/\/www.facebook.com\/vesiensuojelu\/\" \/>\n<meta property=\"article:modified_time\" content=\"2022-09-12T08:17:20+00:00\" \/>\n<meta name=\"twitter:card\" content=\"summary_large_image\" \/>\n<meta name=\"twitter:label1\" content=\"Ber\u00e4knad l\u00e4stid\" \/>\n\t<meta name=\"twitter:data1\" content=\"3 minuter\" \/>\n<script type=\"application\/ld+json\" class=\"yoast-schema-graph\">{\"@context\":\"https:\/\/schema.org\",\"@graph\":[{\"@type\":\"WebPage\",\"@id\":\"https:\/\/vesiensuojelu.fi\/sv\/avloppsvattenguide-2\/avloppsvattenbehandlingen\/\",\"url\":\"https:\/\/vesiensuojelu.fi\/sv\/avloppsvattenguide-2\/avloppsvattenbehandlingen\/\",\"name\":\"Avloppsvattenbehandlingen - Vesiensuojeluyhdistysten Liitto ry\",\"isPartOf\":{\"@id\":\"https:\/\/vesiensuojelu.fi\/sv\/#website\"},\"datePublished\":\"2022-05-25T11:37:35+00:00\",\"dateModified\":\"2022-09-12T08:17:20+00:00\",\"breadcrumb\":{\"@id\":\"https:\/\/vesiensuojelu.fi\/sv\/avloppsvattenguide-2\/avloppsvattenbehandlingen\/#breadcrumb\"},\"inLanguage\":\"sv-SE\",\"potentialAction\":[{\"@type\":\"ReadAction\",\"target\":[\"https:\/\/vesiensuojelu.fi\/sv\/avloppsvattenguide-2\/avloppsvattenbehandlingen\/\"]}]},{\"@type\":\"BreadcrumbList\",\"@id\":\"https:\/\/vesiensuojelu.fi\/sv\/avloppsvattenguide-2\/avloppsvattenbehandlingen\/#breadcrumb\",\"itemListElement\":[{\"@type\":\"ListItem\",\"position\":1,\"name\":\"Avloppsvattenguide\",\"item\":\"https:\/\/vesiensuojelu.fi\/sv\/avloppsvattenguide-2\/\"},{\"@type\":\"ListItem\",\"position\":2,\"name\":\"Avloppsvattenbehandlingen\"}]},{\"@type\":\"WebSite\",\"@id\":\"https:\/\/vesiensuojelu.fi\/sv\/#website\",\"url\":\"https:\/\/vesiensuojelu.fi\/sv\/\",\"name\":\"Vesiensuojeluyhdistysten Liitto ry\",\"description\":\"Tavoitteena puhtaat vedet\",\"publisher\":{\"@id\":\"https:\/\/vesiensuojelu.fi\/sv\/#organization\"},\"potentialAction\":[{\"@type\":\"SearchAction\",\"target\":{\"@type\":\"EntryPoint\",\"urlTemplate\":\"https:\/\/vesiensuojelu.fi\/sv\/?s={search_term_string}\"},\"query-input\":{\"@type\":\"PropertyValueSpecification\",\"valueRequired\":true,\"valueName\":\"search_term_string\"}}],\"inLanguage\":\"sv-SE\"},{\"@type\":\"Organization\",\"@id\":\"https:\/\/vesiensuojelu.fi\/sv\/#organization\",\"name\":\"Vesiensuojeluyhdistysten Liitto ry\",\"url\":\"https:\/\/vesiensuojelu.fi\/sv\/\",\"logo\":{\"@type\":\"ImageObject\",\"inLanguage\":\"sv-SE\",\"@id\":\"https:\/\/vesiensuojelu.fi\/sv\/#\/schema\/logo\/image\/\",\"url\":\"https:\/\/www.vesiensuojelu.fi\/wp-content\/uploads\/2021\/08\/Liiton-logo.png\",\"contentUrl\":\"https:\/\/www.vesiensuojelu.fi\/wp-content\/uploads\/2021\/08\/Liiton-logo.png\",\"width\":594,\"height\":117,\"caption\":\"Vesiensuojeluyhdistysten Liitto ry\"},\"image\":{\"@id\":\"https:\/\/vesiensuojelu.fi\/sv\/#\/schema\/logo\/image\/\"},\"sameAs\":[\"https:\/\/www.facebook.com\/vesiensuojelu\/\"]}]}<\/script>\n<!-- \/ Yoast SEO plugin. -->","yoast_head_json":{"title":"Avloppsvattenbehandlingen - Vesiensuojeluyhdistysten Liitto ry","robots":{"index":"index","follow":"follow","max-snippet":"max-snippet:-1","max-image-preview":"max-image-preview:large","max-video-preview":"max-video-preview:-1"},"canonical":"https:\/\/vesiensuojelu.fi\/sv\/avloppsvattenguide-2\/avloppsvattenbehandlingen\/","og_locale":"sv_SE","og_type":"article","og_title":"Avloppsvattenbehandlingen - Vesiensuojeluyhdistysten Liitto ry","og_description":"D\u00e5 man funderar \u00f6ver avloppsvattenl\u00f6sningar l\u00f6nar det sig att t\u00e4nka p\u00e5 kostnaderna f\u00f6r systemets hela livscykel samt den m\u00e4ngd sk\u00f6tsel som systemet kr\u00e4ver. Endast anskaffningskostnaderna ber\u00e4ttar inte om de totala kostnaderna.","og_url":"https:\/\/vesiensuojelu.fi\/sv\/avloppsvattenguide-2\/avloppsvattenbehandlingen\/","og_site_name":"Vesiensuojeluyhdistysten Liitto ry","article_publisher":"https:\/\/www.facebook.com\/vesiensuojelu\/","article_modified_time":"2022-09-12T08:17:20+00:00","twitter_card":"summary_large_image","twitter_misc":{"Ber\u00e4knad l\u00e4stid":"3 minuter"},"schema":{"@context":"https:\/\/schema.org","@graph":[{"@type":"WebPage","@id":"https:\/\/vesiensuojelu.fi\/sv\/avloppsvattenguide-2\/avloppsvattenbehandlingen\/","url":"https:\/\/vesiensuojelu.fi\/sv\/avloppsvattenguide-2\/avloppsvattenbehandlingen\/","name":"Avloppsvattenbehandlingen - Vesiensuojeluyhdistysten Liitto ry","isPartOf":{"@id":"https:\/\/vesiensuojelu.fi\/sv\/#website"},"datePublished":"2022-05-25T11:37:35+00:00","dateModified":"2022-09-12T08:17:20+00:00","breadcrumb":{"@id":"https:\/\/vesiensuojelu.fi\/sv\/avloppsvattenguide-2\/avloppsvattenbehandlingen\/#breadcrumb"},"inLanguage":"sv-SE","potentialAction":[{"@type":"ReadAction","target":["https:\/\/vesiensuojelu.fi\/sv\/avloppsvattenguide-2\/avloppsvattenbehandlingen\/"]}]},{"@type":"BreadcrumbList","@id":"https:\/\/vesiensuojelu.fi\/sv\/avloppsvattenguide-2\/avloppsvattenbehandlingen\/#breadcrumb","itemListElement":[{"@type":"ListItem","position":1,"name":"Avloppsvattenguide","item":"https:\/\/vesiensuojelu.fi\/sv\/avloppsvattenguide-2\/"},{"@type":"ListItem","position":2,"name":"Avloppsvattenbehandlingen"}]},{"@type":"WebSite","@id":"https:\/\/vesiensuojelu.fi\/sv\/#website","url":"https:\/\/vesiensuojelu.fi\/sv\/","name":"Vesiensuojeluyhdistysten Liitto ry","description":"Tavoitteena puhtaat vedet","publisher":{"@id":"https:\/\/vesiensuojelu.fi\/sv\/#organization"},"potentialAction":[{"@type":"SearchAction","target":{"@type":"EntryPoint","urlTemplate":"https:\/\/vesiensuojelu.fi\/sv\/?s={search_term_string}"},"query-input":{"@type":"PropertyValueSpecification","valueRequired":true,"valueName":"search_term_string"}}],"inLanguage":"sv-SE"},{"@type":"Organization","@id":"https:\/\/vesiensuojelu.fi\/sv\/#organization","name":"Vesiensuojeluyhdistysten Liitto ry","url":"https:\/\/vesiensuojelu.fi\/sv\/","logo":{"@type":"ImageObject","inLanguage":"sv-SE","@id":"https:\/\/vesiensuojelu.fi\/sv\/#\/schema\/logo\/image\/","url":"https:\/\/www.vesiensuojelu.fi\/wp-content\/uploads\/2021\/08\/Liiton-logo.png","contentUrl":"https:\/\/www.vesiensuojelu.fi\/wp-content\/uploads\/2021\/08\/Liiton-logo.png","width":594,"height":117,"caption":"Vesiensuojeluyhdistysten Liitto ry"},"image":{"@id":"https:\/\/vesiensuojelu.fi\/sv\/#\/schema\/logo\/image\/"},"sameAs":["https:\/\/www.facebook.com\/vesiensuojelu\/"]}]}},"_links":{"self":[{"href":"https:\/\/vesiensuojelu.fi\/sv\/wp-json\/wp\/v2\/pages\/4315","targetHints":{"allow":["GET"]}}],"collection":[{"href":"https:\/\/vesiensuojelu.fi\/sv\/wp-json\/wp\/v2\/pages"}],"about":[{"href":"https:\/\/vesiensuojelu.fi\/sv\/wp-json\/wp\/v2\/types\/page"}],"author":[{"embeddable":true,"href":"https:\/\/vesiensuojelu.fi\/sv\/wp-json\/wp\/v2\/users\/4"}],"replies":[{"embeddable":true,"href":"https:\/\/vesiensuojelu.fi\/sv\/wp-json\/wp\/v2\/comments?post=4315"}],"version-history":[{"count":4,"href":"https:\/\/vesiensuojelu.fi\/sv\/wp-json\/wp\/v2\/pages\/4315\/revisions"}],"predecessor-version":[{"id":4531,"href":"https:\/\/vesiensuojelu.fi\/sv\/wp-json\/wp\/v2\/pages\/4315\/revisions\/4531"}],"up":[{"embeddable":true,"href":"https:\/\/vesiensuojelu.fi\/sv\/wp-json\/wp\/v2\/pages\/4347"}],"wp:attachment":[{"href":"https:\/\/vesiensuojelu.fi\/sv\/wp-json\/wp\/v2\/media?parent=4315"}],"curies":[{"name":"wp","href":"https:\/\/api.w.org\/{rel}","templated":true}]}}