{"id":4297,"date":"2022-05-25T14:36:41","date_gmt":"2022-05-25T11:36:41","guid":{"rendered":"https:\/\/vesiensuojelu.fi\/avloppsvattenguide\/"},"modified":"2022-09-12T11:19:09","modified_gmt":"2022-09-12T08:19:09","slug":"avloppsvattenguide","status":"publish","type":"page","link":"https:\/\/vesiensuojelu.fi\/sv\/avloppsvattenguide-2\/avloppsvattenguide\/","title":{"rendered":"Avloppsvattenguide"},"content":{"rendered":"<div class=\"wpb-content-wrapper\"><p>[vc_row row_height_percent=&#8221;0&#8243; override_padding=&#8221;yes&#8221; h_padding=&#8221;2&#8243; top_padding=&#8221;2&#8243; bottom_padding=&#8221;2&#8243; back_color=&#8221;color-gyho&#8221; back_image=&#8221;2061&#8243; back_attachment=&#8221;fixed&#8221; overlay_color=&#8221;color-xsdn&#8221; overlay_alpha=&#8221;90&#8243; gutter_size=&#8221;3&#8243; column_width_percent=&#8221;100&#8243; shift_y=&#8221;-3&#8243; z_index=&#8221;2&#8243; top_divider=&#8221;gradient&#8221; uncode_shortcode_id=&#8221;205096&#8243; back_color_type=&#8221;uncode-palette&#8221; overlay_color_type=&#8221;uncode-palette&#8221;][vc_column column_width_percent=&#8221;100&#8243; gutter_size=&#8221;4&#8243; back_color=&#8221;color-xsdn&#8221; overlay_alpha=&#8221;50&#8243; shift_x=&#8221;0&#8243; shift_y=&#8221;0&#8243; shift_y_down=&#8221;0&#8243; z_index=&#8221;0&#8243; medium_width=&#8221;0&#8243; mobile_width=&#8221;0&#8243; sticky=&#8221;yes&#8221; radius=&#8221;std&#8221; shadow=&#8221;sm&#8221; width=&#8221;1\/3&#8243; uncode_shortcode_id=&#8221;207639&#8243; back_color_type=&#8221;uncode-palette&#8221;][vc_column_text uncode_shortcode_id=&#8221;102550&#8243; el_class=&#8221;sidebar-links&#8221;]<\/p>\n<h3>Huvudsidor<\/h3>\n<p><a href=\"https:\/\/vesiensuojelu.fi\/sv\/avloppsvattenguide-2\/avloppsvattenguide\/\">Ing\u00e5ngssida<\/a><br \/>\n<a title=\"Avloppsvattnets inverkan p\u00e5 milj\u00f6n\" href=\"https:\/\/vesiensuojelu.fi\/sv\/avloppsvattenguide-2\/avloppsvattenguide\/avloppsvattnets-inverkan-pa-miljon\/\">Avloppsvattnets inverkan p\u00e5 milj\u00f6n<\/a><br \/>\n<a href=\"https:\/\/vesiensuojelu.fi\/sv\/avloppsvattenguide-2\/avloppsvattenguide\/kort-om-lagstiftning\/\">Kort om lagstiftning<\/a><br \/>\n<a href=\"https:\/\/vesiensuojelu.fi\/sv\/avloppsvattenguide-2\/avloppsvattenguide\/varfor-lonar-det-sig-att-behandla-tvatt-och-toalettvatten-skilt\/\">Varf\u00f6r l\u00f6nar det sig att behandla tv\u00e4tt- och toalettvatten skilt?<\/a><br \/>\n<a href=\"https:\/\/vesiensuojelu.fi\/sv\/avloppsvattenguide-2\/avloppsvattenguide\/livscykelkostnader-for-behandling-av-avloppsvatten\/\">Livscykelkostnader f\u00f6r behandling av avloppsvatten<\/a><\/p>\n<h3>Inv\u00e5nares uppgifter<\/h3>\n<p><a href=\"https:\/\/vesiensuojelu.fi\/sv\/avloppsvattenguide-2\/invanares-uppgifter\/\">Inv\u00e5nares uppgifter<\/a><br \/>\n<a href=\"https:\/\/vesiensuojelu.fi\/jatevesiopas\/asukkaan-tehtavat\/selvitys-jarjestelmasta\/\">Selvitys j\u00e4rjestelm\u00e4st\u00e4<\/a><br \/>\n<a href=\"https:\/\/vesiensuojelu.fi\/sv\/avloppsvattenguide-2\/invanares-uppgifter\/underhall-och-service\/\">Underh\u00e5ll och service<\/a><br \/>\n<a href=\"https:\/\/vesiensuojelu.fi\/sv\/avloppsvattenguide-2\/invanares-uppgifter\/fornyande-av-avloppsreningssystem\/\">F\u00f6rnyande av avloppsreningssystem<\/a><br \/>\n<a href=\"https:\/\/vesiensuojelu.fi\/sv\/avloppsvattenguide-2\/invanares-uppgifter\/behandlingsalternativ\/\">Behandlingsalternativ<\/a><\/p>\n<h3>Avloppsvattenbehandlingen<\/h3>\n<p><a href=\"https:\/\/vesiensuojelu.fi\/sv\/avloppsvattenguide-2\/avloppsvattenbehandlingen\/\">Alternativ f\u00f6r avloppsvattenbehandlingen<\/a><br \/>\n<a href=\"https:\/\/vesiensuojelu.fi\/sv\/avloppsvattenguide-2\/avloppsvattenbehandlingen\/avloppsnat\/\">Avloppsn\u00e4t<\/a><br \/>\n<a href=\"https:\/\/vesiensuojelu.fi\/sv\/avloppsvattenguide-2\/avloppsvattenbehandlingen\/fastighetsvisa-losningar\/\">Fastighetsvisa l\u00f6sningar<\/a><br \/>\n<a href=\"https:\/\/vesiensuojelu.fi\/sv\/avloppsvattenguide-2\/avloppsvattenbehandlingen\/separat-behandling-for-toalett-och-tvattvatten\/\">Separat behandling f\u00f6r toalett- och tv\u00e4ttvatten<\/a><br \/>\n<a href=\"https:\/\/vesiensuojelu.fi\/sv\/avloppsvattenguide-2\/avloppsvattenbehandlingen\/behandling-av-allt-avloppsvatten-i-samma-system\/\">Behandling av allt avloppsvatten i samma system<\/a><\/p>\n<h3>Information om guiden<\/h3>\n<p><a href=\"https:\/\/vesiensuojelu.fi\/sv\/avloppsvattenguide-2\/information-om-guiden\/foretagare-kontaktinformation\/\">F\u00f6retagare kontaktinformation<\/a><br \/>\n<a href=\"https:\/\/vesiensuojelu.fi\/sv\/avloppsvattenguide-2\/information-om-guiden\/lankar-och-radgivning\/\">L\u00e4nkar och r\u00e5dgivning<\/a><br \/>\n<a href=\"https:\/\/vesiensuojelu.fi\/sv\/avloppsvattenguide-2\/information-om-guiden\/material\/\">Material<\/a><br \/>\n<a href=\"https:\/\/vesiensuojelu.fi\/jatevesiopas\/tietoa-oppaasta\/jateveden-abc\/\">Avloppsvattnets ABC<\/a>[\/vc_column_text][\/vc_column][vc_column column_width_percent=&#8221;100&#8243; gutter_size=&#8221;4&#8243; back_color=&#8221;color-xsdn&#8221; overlay_alpha=&#8221;50&#8243; shift_x=&#8221;0&#8243; shift_y=&#8221;0&#8243; shift_y_down=&#8221;0&#8243; z_index=&#8221;0&#8243; medium_width=&#8221;0&#8243; mobile_width=&#8221;0&#8243; radius=&#8221;std&#8221; shadow=&#8221;std&#8221; width=&#8221;2\/3&#8243; uncode_shortcode_id=&#8221;729493&#8243; back_color_type=&#8221;uncode-palette&#8221;][vc_row_inner limit_content=&#8221;&#8221;][vc_column_inner column_width_percent=&#8221;100&#8243; align_horizontal=&#8221;align_center&#8221; gutter_size=&#8221;3&#8243; overlay_alpha=&#8221;50&#8243; shift_x=&#8221;0&#8243; shift_y=&#8221;0&#8243; shift_y_down=&#8221;0&#8243; z_index=&#8221;0&#8243; medium_width=&#8221;0&#8243; mobile_width=&#8221;0&#8243; width=&#8221;1\/1&#8243; uncode_shortcode_id=&#8221;212989&#8243;][vc_column_text uncode_shortcode_id=&#8221;759606&#8243;]<\/p>\n<article id=\"content\">Det l\u00f6nar sig att bekanta sig med de olika <a title=\"Avloppsvattenbehandlingen\" href=\"https:\/\/vesiensuojelu.fi\/sv\/avloppsvattenguide-2\/avloppsvattenbehandlingen\/\">behandlingsalternativen f\u00f6r avloppsvatten<\/a> i ett s\u00e5 tidigt skede som m\u00f6jligt. P\u00e5 basen av dem f\u00e5r du en uppfattning om i vilken utstr\u00e4ckning det egna systemet \u00e4r i behov att f\u00f6rb\u00e4ttras. Grunduppgifter om systemen \u00e4r ocks\u00e5 till hj\u00e4lp d\u00e5 du g\u00f6r <a title=\"Selvitys j\u00e4rjestelm\u00e4st\u00e4\" href=\"https:\/\/vesiensuojelu.fi\/jatevesiopas\/asukkaan-tehtavat\/selvitys-jarjestelmasta\/\">utredningen av avloppsvattensystemet<\/a> och vid planeringen av <a title=\"F\u00f6rnyande av avloppsreningssystem\" href=\"https:\/\/vesiensuojelu.fi\/sv\/avloppsvattenguide-2\/invanares-uppgifter\/fornyande-av-avloppsreningssystem\/\">systemets f\u00f6rnyande.<\/a> <a title=\"F\u00f6rbundet f\u00f6r vattenskyddsf\u00f6reningarna i Finland\" href=\"https:\/\/www.vesiensuojelu.fi\/\" target=\"_blank\" rel=\"noopener noreferrer\">F\u00f6rbundet f\u00f6r vattenskyddsf\u00f6reningarna i Finland rf:s<\/a> <a href=\"https:\/\/www.j%C3%A4tevesihanke.fi\/#\" target=\"_blank\" rel=\"noopener noreferrer\">medlemsf\u00f6reningars<\/a> sakkunniga och <a title=\"R\u00e5dgivning\" href=\"https:\/\/vesiensuojelu.fi\/sv\/avloppsvattenguide-2\/information-om-guiden\/lankar-och-radgivning\/\" target=\"_blank\" rel=\"noopener noreferrer\">r\u00e5dgivare<\/a> \u00e4r ditt st\u00f6d i projektets olika skeden.<\/article>\n<p>[\/vc_column_text][vc_empty_space empty_h=&#8221;2&#8243;][vc_button button_color=&#8221;color-375323&#8243; border_width=&#8221;0&#8243; display=&#8221;inline&#8221; uncode_shortcode_id=&#8221;123662&#8243; link=&#8221;url:%2Fwp-content%2Fuploads%2F2015%2F03%2FSVYL_FIesite_2017_intra.pdf|target:_blank|&#8221; button_color_type=&#8221;uncode-palette&#8221; button_color_solid=&#8221;#ff0000&#8243; icon=&#8221;fa fa-file-pdf-o&#8221;]Avloppsvattenguide[\/vc_button][vc_button button_color=&#8221;color-375323&#8243; border_width=&#8221;0&#8243; display=&#8221;inline&#8221; uncode_shortcode_id=&#8221;160537&#8243; link=&#8221;url:%2Fwp-content%2Fuploads%2F2015%2F03%2Fmokkiopas_2017_intra.pdf|target:_blank|&#8221; button_color_type=&#8221;uncode-palette&#8221; button_color_solid=&#8221;#ff0000&#8243; icon=&#8221;fa fa-file-pdf-o&#8221;]Sommarslugans avloppsvattenguide[\/vc_button][vc_empty_space empty_h=&#8221;2&#8243;][vc_custom_heading heading_semantic=&#8221;h6&#8243; text_size=&#8221;h6&#8243; uncode_shortcode_id=&#8221;721139&#8243;]AVLOPPSVATTENGUIDE-hemsidorna har skapats i samarbete med det av Fastlandsfinlands ESF-programmet finansierade Yhteisill\u00e4 vesill\u00e4 -projektet.[\/vc_custom_heading][vc_single_image media=&#8221;3617&#8243; media_width_use_pixel=&#8221;yes&#8221; alignment=&#8221;center&#8221; uncode_shortcode_id=&#8221;158319&#8243; media_width_pixel=&#8221;400&#8243;][\/vc_column_inner][\/vc_row_inner][\/vc_column][\/vc_row]<\/p>\n<\/div>","protected":false},"excerpt":{"rendered":"<p>Ett l\u00e4mpligt avloppsvattensystem \u00e4r en investering f\u00f6r framtiden. Ett fungerande reningssystem erbjuder ett trivsamt boende och h\u00f6jer v\u00e4rdet p\u00e5 fastigheten. P\u00e5 dessa sidor f\u00e5r du beh\u00f6vliga basuppgifter f\u00f6r planering och f\u00f6rverkligande av avloppsvattenprojektet.<\/p>\n","protected":false},"author":4,"featured_media":0,"parent":4347,"menu_order":0,"comment_status":"closed","ping_status":"closed","template":"","meta":{"footnotes":""},"class_list":["post-4297","page","type-page","status-publish","hentry"],"yoast_head":"<!-- This site is optimized with the Yoast SEO plugin v26.9 - https:\/\/yoast.com\/product\/yoast-seo-wordpress\/ -->\n<title>Avloppsvattenguide - Vesiensuojeluyhdistysten Liitto ry<\/title>\n<meta name=\"robots\" content=\"index, follow, max-snippet:-1, max-image-preview:large, max-video-preview:-1\" \/>\n<link rel=\"canonical\" href=\"https:\/\/vesiensuojelu.fi\/sv\/avloppsvattenguide-2\/avloppsvattenguide\/\" \/>\n<meta property=\"og:locale\" content=\"sv_SE\" \/>\n<meta property=\"og:type\" content=\"article\" \/>\n<meta property=\"og:title\" content=\"Avloppsvattenguide - Vesiensuojeluyhdistysten Liitto ry\" \/>\n<meta property=\"og:description\" content=\"Ett l\u00e4mpligt avloppsvattensystem \u00e4r en investering f\u00f6r framtiden. Ett fungerande reningssystem erbjuder ett trivsamt boende och h\u00f6jer v\u00e4rdet p\u00e5 fastigheten. P\u00e5 dessa sidor f\u00e5r du beh\u00f6vliga basuppgifter f\u00f6r planering och f\u00f6rverkligande av avloppsvattenprojektet.\" \/>\n<meta property=\"og:url\" content=\"https:\/\/vesiensuojelu.fi\/sv\/avloppsvattenguide-2\/avloppsvattenguide\/\" \/>\n<meta property=\"og:site_name\" content=\"Vesiensuojeluyhdistysten Liitto ry\" \/>\n<meta property=\"article:publisher\" content=\"https:\/\/www.facebook.com\/vesiensuojelu\/\" \/>\n<meta property=\"article:modified_time\" content=\"2022-09-12T08:19:09+00:00\" \/>\n<meta name=\"twitter:card\" content=\"summary_large_image\" \/>\n<meta name=\"twitter:label1\" content=\"Ber\u00e4knad l\u00e4stid\" \/>\n\t<meta name=\"twitter:data1\" content=\"3 minuter\" \/>\n<script type=\"application\/ld+json\" class=\"yoast-schema-graph\">{\"@context\":\"https:\/\/schema.org\",\"@graph\":[{\"@type\":\"WebPage\",\"@id\":\"https:\/\/vesiensuojelu.fi\/sv\/avloppsvattenguide-2\/avloppsvattenguide\/\",\"url\":\"https:\/\/vesiensuojelu.fi\/sv\/avloppsvattenguide-2\/avloppsvattenguide\/\",\"name\":\"Avloppsvattenguide - Vesiensuojeluyhdistysten Liitto ry\",\"isPartOf\":{\"@id\":\"https:\/\/vesiensuojelu.fi\/sv\/#website\"},\"datePublished\":\"2022-05-25T11:36:41+00:00\",\"dateModified\":\"2022-09-12T08:19:09+00:00\",\"breadcrumb\":{\"@id\":\"https:\/\/vesiensuojelu.fi\/sv\/avloppsvattenguide-2\/avloppsvattenguide\/#breadcrumb\"},\"inLanguage\":\"sv-SE\",\"potentialAction\":[{\"@type\":\"ReadAction\",\"target\":[\"https:\/\/vesiensuojelu.fi\/sv\/avloppsvattenguide-2\/avloppsvattenguide\/\"]}]},{\"@type\":\"BreadcrumbList\",\"@id\":\"https:\/\/vesiensuojelu.fi\/sv\/avloppsvattenguide-2\/avloppsvattenguide\/#breadcrumb\",\"itemListElement\":[{\"@type\":\"ListItem\",\"position\":1,\"name\":\"Avloppsvattenguide\",\"item\":\"https:\/\/vesiensuojelu.fi\/sv\/avloppsvattenguide-2\/\"},{\"@type\":\"ListItem\",\"position\":2,\"name\":\"Avloppsvattenguide\"}]},{\"@type\":\"WebSite\",\"@id\":\"https:\/\/vesiensuojelu.fi\/sv\/#website\",\"url\":\"https:\/\/vesiensuojelu.fi\/sv\/\",\"name\":\"Vesiensuojeluyhdistysten Liitto ry\",\"description\":\"Tavoitteena puhtaat vedet\",\"publisher\":{\"@id\":\"https:\/\/vesiensuojelu.fi\/sv\/#organization\"},\"potentialAction\":[{\"@type\":\"SearchAction\",\"target\":{\"@type\":\"EntryPoint\",\"urlTemplate\":\"https:\/\/vesiensuojelu.fi\/sv\/?s={search_term_string}\"},\"query-input\":{\"@type\":\"PropertyValueSpecification\",\"valueRequired\":true,\"valueName\":\"search_term_string\"}}],\"inLanguage\":\"sv-SE\"},{\"@type\":\"Organization\",\"@id\":\"https:\/\/vesiensuojelu.fi\/sv\/#organization\",\"name\":\"Vesiensuojeluyhdistysten Liitto ry\",\"url\":\"https:\/\/vesiensuojelu.fi\/sv\/\",\"logo\":{\"@type\":\"ImageObject\",\"inLanguage\":\"sv-SE\",\"@id\":\"https:\/\/vesiensuojelu.fi\/sv\/#\/schema\/logo\/image\/\",\"url\":\"https:\/\/www.vesiensuojelu.fi\/wp-content\/uploads\/2021\/08\/Liiton-logo.png\",\"contentUrl\":\"https:\/\/www.vesiensuojelu.fi\/wp-content\/uploads\/2021\/08\/Liiton-logo.png\",\"width\":594,\"height\":117,\"caption\":\"Vesiensuojeluyhdistysten Liitto ry\"},\"image\":{\"@id\":\"https:\/\/vesiensuojelu.fi\/sv\/#\/schema\/logo\/image\/\"},\"sameAs\":[\"https:\/\/www.facebook.com\/vesiensuojelu\/\"]}]}<\/script>\n<!-- \/ Yoast SEO plugin. -->","yoast_head_json":{"title":"Avloppsvattenguide - Vesiensuojeluyhdistysten Liitto ry","robots":{"index":"index","follow":"follow","max-snippet":"max-snippet:-1","max-image-preview":"max-image-preview:large","max-video-preview":"max-video-preview:-1"},"canonical":"https:\/\/vesiensuojelu.fi\/sv\/avloppsvattenguide-2\/avloppsvattenguide\/","og_locale":"sv_SE","og_type":"article","og_title":"Avloppsvattenguide - Vesiensuojeluyhdistysten Liitto ry","og_description":"Ett l\u00e4mpligt avloppsvattensystem \u00e4r en investering f\u00f6r framtiden. Ett fungerande reningssystem erbjuder ett trivsamt boende och h\u00f6jer v\u00e4rdet p\u00e5 fastigheten. P\u00e5 dessa sidor f\u00e5r du beh\u00f6vliga basuppgifter f\u00f6r planering och f\u00f6rverkligande av avloppsvattenprojektet.","og_url":"https:\/\/vesiensuojelu.fi\/sv\/avloppsvattenguide-2\/avloppsvattenguide\/","og_site_name":"Vesiensuojeluyhdistysten Liitto ry","article_publisher":"https:\/\/www.facebook.com\/vesiensuojelu\/","article_modified_time":"2022-09-12T08:19:09+00:00","twitter_card":"summary_large_image","twitter_misc":{"Ber\u00e4knad l\u00e4stid":"3 minuter"},"schema":{"@context":"https:\/\/schema.org","@graph":[{"@type":"WebPage","@id":"https:\/\/vesiensuojelu.fi\/sv\/avloppsvattenguide-2\/avloppsvattenguide\/","url":"https:\/\/vesiensuojelu.fi\/sv\/avloppsvattenguide-2\/avloppsvattenguide\/","name":"Avloppsvattenguide - Vesiensuojeluyhdistysten Liitto ry","isPartOf":{"@id":"https:\/\/vesiensuojelu.fi\/sv\/#website"},"datePublished":"2022-05-25T11:36:41+00:00","dateModified":"2022-09-12T08:19:09+00:00","breadcrumb":{"@id":"https:\/\/vesiensuojelu.fi\/sv\/avloppsvattenguide-2\/avloppsvattenguide\/#breadcrumb"},"inLanguage":"sv-SE","potentialAction":[{"@type":"ReadAction","target":["https:\/\/vesiensuojelu.fi\/sv\/avloppsvattenguide-2\/avloppsvattenguide\/"]}]},{"@type":"BreadcrumbList","@id":"https:\/\/vesiensuojelu.fi\/sv\/avloppsvattenguide-2\/avloppsvattenguide\/#breadcrumb","itemListElement":[{"@type":"ListItem","position":1,"name":"Avloppsvattenguide","item":"https:\/\/vesiensuojelu.fi\/sv\/avloppsvattenguide-2\/"},{"@type":"ListItem","position":2,"name":"Avloppsvattenguide"}]},{"@type":"WebSite","@id":"https:\/\/vesiensuojelu.fi\/sv\/#website","url":"https:\/\/vesiensuojelu.fi\/sv\/","name":"Vesiensuojeluyhdistysten Liitto ry","description":"Tavoitteena puhtaat vedet","publisher":{"@id":"https:\/\/vesiensuojelu.fi\/sv\/#organization"},"potentialAction":[{"@type":"SearchAction","target":{"@type":"EntryPoint","urlTemplate":"https:\/\/vesiensuojelu.fi\/sv\/?s={search_term_string}"},"query-input":{"@type":"PropertyValueSpecification","valueRequired":true,"valueName":"search_term_string"}}],"inLanguage":"sv-SE"},{"@type":"Organization","@id":"https:\/\/vesiensuojelu.fi\/sv\/#organization","name":"Vesiensuojeluyhdistysten Liitto ry","url":"https:\/\/vesiensuojelu.fi\/sv\/","logo":{"@type":"ImageObject","inLanguage":"sv-SE","@id":"https:\/\/vesiensuojelu.fi\/sv\/#\/schema\/logo\/image\/","url":"https:\/\/www.vesiensuojelu.fi\/wp-content\/uploads\/2021\/08\/Liiton-logo.png","contentUrl":"https:\/\/www.vesiensuojelu.fi\/wp-content\/uploads\/2021\/08\/Liiton-logo.png","width":594,"height":117,"caption":"Vesiensuojeluyhdistysten Liitto ry"},"image":{"@id":"https:\/\/vesiensuojelu.fi\/sv\/#\/schema\/logo\/image\/"},"sameAs":["https:\/\/www.facebook.com\/vesiensuojelu\/"]}]}},"_links":{"self":[{"href":"https:\/\/vesiensuojelu.fi\/sv\/wp-json\/wp\/v2\/pages\/4297","targetHints":{"allow":["GET"]}}],"collection":[{"href":"https:\/\/vesiensuojelu.fi\/sv\/wp-json\/wp\/v2\/pages"}],"about":[{"href":"https:\/\/vesiensuojelu.fi\/sv\/wp-json\/wp\/v2\/types\/page"}],"author":[{"embeddable":true,"href":"https:\/\/vesiensuojelu.fi\/sv\/wp-json\/wp\/v2\/users\/4"}],"replies":[{"embeddable":true,"href":"https:\/\/vesiensuojelu.fi\/sv\/wp-json\/wp\/v2\/comments?post=4297"}],"version-history":[{"count":16,"href":"https:\/\/vesiensuojelu.fi\/sv\/wp-json\/wp\/v2\/pages\/4297\/revisions"}],"predecessor-version":[{"id":4564,"href":"https:\/\/vesiensuojelu.fi\/sv\/wp-json\/wp\/v2\/pages\/4297\/revisions\/4564"}],"up":[{"embeddable":true,"href":"https:\/\/vesiensuojelu.fi\/sv\/wp-json\/wp\/v2\/pages\/4347"}],"wp:attachment":[{"href":"https:\/\/vesiensuojelu.fi\/sv\/wp-json\/wp\/v2\/media?parent=4297"}],"curies":[{"name":"wp","href":"https:\/\/api.w.org\/{rel}","templated":true}]}}